{"id":9448,"date":"2026-03-25T12:12:32","date_gmt":"2026-03-25T11:12:32","guid":{"rendered":"https:\/\/www.fluitecnik.com\/?page_id=9448"},"modified":"2026-03-26T09:48:06","modified_gmt":"2026-03-26T08:48:06","slug":"politica-de-proteccion-de-datos","status":"publish","type":"page","link":"https:\/\/www.fluitecnik.com\/es\/politica-de-proteccion-de-datos\/","title":{"rendered":"Pol\u00edtica de Protecci\u00f3n de Datos"},"content":{"rendered":"\t\t<div data-elementor-type=\"wp-page\" data-elementor-id=\"9448\" class=\"elementor elementor-9448\" data-elementor-post-type=\"page\">\n\t\t\t\t<div class=\"elementor-element elementor-element-41120219 e-flex e-con-boxed e-con e-parent\" data-id=\"41120219\" data-element_type=\"container\" data-e-type=\"container\">\n\t\t\t\t\t<div class=\"e-con-inner\">\n\t\t\t\t<div class=\"elementor-element elementor-element-d7c626f elementor-widget elementor-widget-text-editor\" data-id=\"d7c626f\" data-element_type=\"widget\" data-e-type=\"widget\" data-widget_type=\"text-editor.default\">\n\t\t\t\t\t<div class=\"translation-block\">\t\t\t\tDe conformidad con la actual normativa de Protecci\u00f3n de Datos, los datos personales recabados tanto a trav\u00e9s de este formulario como los contenidos en el Curr\u00edculum adjunto se tratar\u00e1n bajo las siguientes condiciones:\r\n<div class=\"wgl_col-12 wpcf7-acceptance\">\r\n<ol>\r\n \t<li>Responsable del tratamiento: FLUITECNIK, S.A., con CIF A31276603 y direcci\u00f3n en Pol\u00edgono Industrial Comarca 1 Calle G, Nave 30, 31160, Orkoien (Navarra).<\/li>\r\n \t<li>Finalidad del tratamiento: gesti\u00f3n el proceso de selecci\u00f3n actual por cuenta de FLUITECNIK, S.A.<\/li>\r\n \t<li>Bases jur\u00eddicas del tratamiento: el consentimiento del usuario recogido a trav\u00e9s del presente formulario.<\/li>\r\n \t<li>Plazo de conservaci\u00f3n de los datos: El plazo corresponder\u00e1 a un m\u00e1ximo de 1 a\u00f1o, procediendo a la eliminaci\u00f3n del Curr\u00edculum en el momento de expiraci\u00f3n del plazo o en caso de que el CV no sea de inter\u00e9s.<\/li>\r\n \t<li>Cesiones: No se realizar\u00e1n cesiones a terceros en ning\u00fan caso.<\/li>\r\n \t<li>Informaci\u00f3n sobre derechos: Podr\u00e1 ejercitar los derechos de acceso, rectificaci\u00f3n, supresi\u00f3n, limitaci\u00f3n, portabilidad y oposici\u00f3n dirigi\u00e9ndose al Responsable a la direcci\u00f3n indicada en el apartado primero o mediante comunicaci\u00f3n a la direcci\u00f3n de correo recursoshumanos@fluitecnik.com.<\/li>\r\n<\/ol>\r\nAsimismo, puede presentar reclamaci\u00f3n ante la Agencia de Protecci\u00f3n de Datos (www.aepd.es).\r\n\r\n<\/div>\t\t\t\t<\/div>\t\t\t\t<\/div>\n\t\t\t\t\t<\/div>\n\t\t\t\t<\/div>\n\t\t\t\t<\/div>\n\t\t","protected":false},"excerpt":{"rendered":"<p>De conformidad con la actual normativa de Protecci\u00f3n de Datos, los datos personales recabados tanto a trav\u00e9s de este formulario como los contenidos en el Curr\u00edculum adjunto se tratar\u00e1n bajo las siguientes condiciones: Responsable del tratamiento: FLUITECNIK, S.A., con CIF A31276603 y direcci\u00f3n en Pol\u00edgono Industrial Comarca 1 Calle G, Nave 30, 31160, Orkoien (Navarra). [&hellip;]<\/p>\n","protected":false},"author":1,"featured_media":8821,"parent":0,"menu_order":0,"comment_status":"closed","ping_status":"closed","template":"","meta":{"footnotes":""},"class_list":["post-9448","page","type-page","status-publish","has-post-thumbnail","hentry"],"_links":{"self":[{"href":"https:\/\/www.fluitecnik.com\/es\/wp-json\/wp\/v2\/pages\/9448","targetHints":{"allow":["GET"]}}],"collection":[{"href":"https:\/\/www.fluitecnik.com\/es\/wp-json\/wp\/v2\/pages"}],"about":[{"href":"https:\/\/www.fluitecnik.com\/es\/wp-json\/wp\/v2\/types\/page"}],"author":[{"embeddable":true,"href":"https:\/\/www.fluitecnik.com\/es\/wp-json\/wp\/v2\/users\/1"}],"replies":[{"embeddable":true,"href":"https:\/\/www.fluitecnik.com\/es\/wp-json\/wp\/v2\/comments?post=9448"}],"version-history":[{"count":0,"href":"https:\/\/www.fluitecnik.com\/es\/wp-json\/wp\/v2\/pages\/9448\/revisions"}],"wp:featuredmedia":[{"embeddable":true,"href":"https:\/\/www.fluitecnik.com\/es\/wp-json\/wp\/v2\/media\/8821"}],"wp:attachment":[{"href":"https:\/\/www.fluitecnik.com\/es\/wp-json\/wp\/v2\/media?parent=9448"}],"curies":[{"name":"wp","href":"https:\/\/api.w.org\/{rel}","templated":true}]}}