{"id":8397,"date":"2025-12-15T19:51:57","date_gmt":"2025-12-15T18:51:57","guid":{"rendered":"https:\/\/www.fluitecnik.com\/?page_id=8397"},"modified":"2026-03-26T09:32:05","modified_gmt":"2026-03-26T08:32:05","slug":"catalogos","status":"publish","type":"page","link":"https:\/\/www.fluitecnik.com\/es\/catalogos\/","title":{"rendered":"Cat\u00e1logos"},"content":{"rendered":"\t\t<div data-elementor-type=\"wp-page\" data-elementor-id=\"8397\" class=\"elementor elementor-8397\" data-elementor-post-type=\"page\">\n\t\t\t\t\t\t<section class=\"elementor-section elementor-top-section elementor-element elementor-element-979cca0 elementor-section-boxed elementor-section-height-default elementor-section-height-default\" data-id=\"979cca0\" data-element_type=\"section\" data-e-type=\"section\">\n\t\t\t\t\t\t<div class=\"elementor-container elementor-column-gap-default\">\n\t\t\t\t\t<div class=\"elementor-column elementor-col-100 elementor-top-column elementor-element elementor-element-ef72b6f\" data-id=\"ef72b6f\" data-element_type=\"column\" data-e-type=\"column\">\n\t\t\t<div class=\"elementor-widget-wrap\">\n\t\t\t\t\t\t\t<\/div>\n\t\t<\/div>\n\t\t\t\t\t<\/div>\n\t\t<\/section>\n\t\t\t\t<section class=\"elementor-section elementor-top-section elementor-element elementor-element-7639ff3 elementor-section-boxed elementor-section-height-default elementor-section-height-default\" data-id=\"7639ff3\" data-element_type=\"section\" data-e-type=\"section\">\n\t\t\t\t\t\t<div class=\"elementor-container elementor-column-gap-default\">\n\t\t\t\t\t<div class=\"elementor-column elementor-col-33 elementor-top-column elementor-element elementor-element-2b8e44b\" data-id=\"2b8e44b\" data-element_type=\"column\" data-e-type=\"column\">\n\t\t\t<div class=\"elementor-widget-wrap elementor-element-populated\">\n\t\t\t\t\t\t<div class=\"elementor-element elementor-element-a22d3f0 elementor-widget elementor-widget-spacer\" data-id=\"a22d3f0\" data-element_type=\"widget\" data-e-type=\"widget\" data-widget_type=\"spacer.default\">\n\t\t\t\t\t\t\t<div class=\"elementor-spacer\">\n\t\t\t<div class=\"elementor-spacer-inner\"><\/div>\n\t\t<\/div>\n\t\t\t\t\t\t<\/div>\n\t\t\t\t\t<\/div>\n\t\t<\/div>\n\t\t\t\t<div class=\"elementor-column elementor-col-33 elementor-top-column elementor-element elementor-element-d927350\" data-id=\"d927350\" data-element_type=\"column\" data-e-type=\"column\" data-settings=\"{&quot;background_background&quot;:&quot;classic&quot;}\">\n\t\t\t<div class=\"elementor-widget-wrap elementor-element-populated\">\n\t\t\t\t<div class=\"elementor-element elementor-element-e4af0e7 e-flex e-con-boxed e-con e-parent\" data-id=\"e4af0e7\" data-element_type=\"container\" data-e-type=\"container\">\n\t\t\t\t\t<div class=\"e-con-inner\">\n\t\t\t\t<div class=\"elementor-element elementor-element-876a744 elementor-widget elementor-widget-ucaddon_job_listing\" data-id=\"876a744\" data-element_type=\"widget\" data-e-type=\"widget\" data-widget_type=\"ucaddon_job_listing.default\">\n\t\t\t\t<div class=\"elementor-widget-container\">\n\t\t\t\t\t\n<!-- start Job Listing -->\n\t\t<link id='font-awesome-css' href='https:\/\/www.fluitecnik.com\/wp-content\/plugins\/unlimited-elements-for-elementor-premium\/assets_libraries\/font-awesome6\/fontawesome-all.min.css' type='text\/css' rel='stylesheet' >\n\t\t<link id='font-awesome-4-shim-css' href='https:\/\/www.fluitecnik.com\/wp-content\/plugins\/unlimited-elements-for-elementor-premium\/assets_libraries\/font-awesome6\/fontawesome-v4-shims.min.css' type='text\/css' rel='stylesheet' >\n\n<style>\/* widget: Job Listing *\/\n\n\n\n#uc_job_listing_elementor_876a744.ue_job_listing {\n    display: grid;\n    min-height:1px;\n}\n\n#uc_job_listing_elementor_876a744 .ue_job_list_item {\n    display: flex;\n    justify-content: center;\n    align-items: center;\n    overflow:hidden;\n    position: relative;\n}\n\n#uc_job_listing_elementor_876a744 .ue_job_badge_wrap{\n  position: absolute;\n  display: flex;\n  top: 0;\n  right: 0;\n}\n\n#uc_job_listing_elementor_876a744 .ue_job_column_left {\n    display:flex;\n    justify-content:center;\n    align-items:center;\n    flex-shrink: 0;\n    overflow:hidden;\n}\n#uc_job_listing_elementor_876a744 .ue_job_image{\n  width:100%;\n  height:100%;\n}\n#uc_job_listing_elementor_876a744 .ue_job_column_left svg{\n  width:1em;\n  height:1em;\n}\n#uc_job_listing_elementor_876a744 .ue_job_data{\n  display:flex;\n  flex-direction:column;\n  align-items: center;\n  width:100%;\n  height: 100%;\n}\n#uc_job_listing_elementor_876a744 .ue_job_inner_data{\n  display:flex;\n  justify-content: space-between;\n  width:100%;\n}\n#uc_job_listing_elementor_876a744 .ue_job_column_middle {\n    display: flex;\n    flex-direction: column;\n    flex-grow: 1;\n}\n#uc_job_listing_elementor_876a744 .ue_job_title_salary_wrapper {\n    display: flex;\n    flex-direction: row;\n    width:100%;\n    gap:15px;\n}\n#uc_job_listing_elementor_876a744 .ue_job_salary{\n    display: flex;\n    align-items: center;\n}\n#uc_job_listing_elementor_876a744 .ue_job_skills_wrapper {\n    display: flex;\n    flex-direction: row;\n    flex-wrap: wrap;\n}\n\n#uc_job_listing_elementor_876a744 .ue_job_skill {\n    display: inline-flex;\n\n}\n#uc_job_listing_elementor_876a744 .ue_job_buttons {\n    display: flex;\n    flex-shrink: 0;\n    }\n#uc_job_listing_elementor_876a744 .ue_job_btn {\n    display: flex;\n    align-items:center;\n    justify-content:center;\n    width:100%;}\n\n\n@media (max-width: 767px){\n  #uc_job_listing_elementor_876a744 .ue_job_buttons {\n     width:100%;   }\n}\n\n@media (max-width: 1024px){\n  #uc_job_listing_elementor_876a744 .ue_job_buttons {\n      }\n}\n\n\/* soft styles *\/\n.ue_job_skill{\n  font-size:14px;\n}\n\n\n\n\n<\/style>\n\n<div id=\"uc_job_listing_elementor_876a744\" class=\"ue_job_listing uc-items-wrapper  \"   dir=\"ltr\" role=\"region\" aria-label=\"Job listings\">\n  \n\n\n<div id=\"uc_job_listing_elementor_876a744_item1\" class=\"ue_job_list_item \" role=\"listitem\">\n  \n        <a href=\"https:\/\/www.fluitecnik.com\/wp-content\/uploads\/2026\/02\/2026_Fluitecnik_Industrial_Red_V1.pdf\"  target='_blank'  class=\"ue_job_column_left\">\n                <img fetchpriority=\"high\" decoding=\"async\" class=\"ue_job_image\" src=\"https:\/\/www.fluitecnik.com\/wp-content\/uploads\/2025\/12\/pdf.webp\"\n              src=\"https:\/\/www.fluitecnik.com\/wp-content\/uploads\/2025\/12\/pdf.webp\" alt=\"pdf\" width=\"512\" height=\"512\"\n             alt=\"pdf\"             title=\"pdf\"                                       >\n              \n              \n            <\/a>\n      \n <div class=\"ue_job_data\"> \n    <div class=\"ue_job_title_salary_wrapper\">\n       <a href=\"https:\/\/www.fluitecnik.com\/wp-content\/uploads\/2026\/02\/2026_Fluitecnik_Industrial_Red_V1.pdf\"  target='_blank' aria-label=\"View details for Fluitecnik Industrial\"><div class=\"ue_job_title\">Fluitecnik Industrial<\/div><\/a>\n           <\/div>\n            \n  <div class=\"ue_job_inner_data\">\n    <div class=\"ue_job_column_middle\">\n                              \n              \n          <div class=\"ue_job_skills_wrapper\" role=\"list\" aria-label=\"Job skills\">\n    <div class=\"ue_job_skill\" role=\"listitem\">Fluitecnik<\/div>    <div class=\"ue_job_skill\" role=\"listitem\">Industrial<\/div>    <div class=\"ue_job_skill\" role=\"listitem\">Ingl\u00e9s<\/div>          <\/div>\n    <\/div>\n                <div class=\"ue_job_buttons\">\n            <a href=\"https:\/\/www.fluitecnik.com\/wp-content\/uploads\/2026\/02\/2026_Fluitecnik_Industrial_Red_V1.pdf\"  target='_blank' class=\"ue_job_btn ue_btn_1\" aria-label=\"View details for Fluitecnik Industrial\">Descargar<\/a>                    <\/div>\n          <\/div>\n <\/div>\n   \n <\/div>\n\n\n\n<div id=\"uc_job_listing_elementor_876a744_item2\" class=\"ue_job_list_item \" role=\"listitem\">\n  \n        <a href=\"https:\/\/www.fluitecnik.com\/wp-content\/uploads\/2025\/12\/Catalogo_Fluitecnik-EN.pdf\"  target='_blank'  class=\"ue_job_column_left\">\n                <img fetchpriority=\"high\" decoding=\"async\" class=\"ue_job_image\" src=\"https:\/\/www.fluitecnik.com\/wp-content\/uploads\/2025\/12\/pdf.webp\"\n              src=\"https:\/\/www.fluitecnik.com\/wp-content\/uploads\/2025\/12\/pdf.webp\" alt=\"pdf\" width=\"512\" height=\"512\"\n             alt=\"pdf\"             title=\"pdf\"                                       >\n              \n              \n            <\/a>\n      \n <div class=\"ue_job_data\"> \n    <div class=\"ue_job_title_salary_wrapper\">\n       <a href=\"https:\/\/www.fluitecnik.com\/wp-content\/uploads\/2025\/12\/Catalogo_Fluitecnik-EN.pdf\"  target='_blank' aria-label=\"View details for Innovation in cooling and hydraulic systemas, Company Brochure\"><div class=\"ue_job_title\">Innovation in cooling and hydraulic systemas, Company Brochure<\/div><\/a>\n           <\/div>\n            \n  <div class=\"ue_job_inner_data\">\n    <div class=\"ue_job_column_middle\">\n                              \n              \n          <div class=\"ue_job_skills_wrapper\" role=\"list\" aria-label=\"Job skills\">\n    <div class=\"ue_job_skill\" role=\"listitem\">Fluitecnik<\/div>    <div class=\"ue_job_skill\" role=\"listitem\">Innovacion e I+D<\/div>    <div class=\"ue_job_skill\" role=\"listitem\">Ingl\u00e9s<\/div>          <\/div>\n    <\/div>\n                <div class=\"ue_job_buttons\">\n            <a href=\"https:\/\/www.fluitecnik.com\/wp-content\/uploads\/2025\/12\/Catalogo_Fluitecnik-EN.pdf\"  target='_blank' class=\"ue_job_btn ue_btn_1\" aria-label=\"View details for Innovation in cooling and hydraulic systemas, Company Brochure\">Descargar<\/a>                    <\/div>\n          <\/div>\n <\/div>\n   \n <\/div>\n\n\n\n<div id=\"uc_job_listing_elementor_876a744_item3\" class=\"ue_job_list_item \" role=\"listitem\">\n  \n        <a href=\"https:\/\/www.fluitecnik.com\/wp-content\/uploads\/2025\/12\/CATA\u0301LOGO-K-PER-FLUITECNIK-1.pdf\"  target='_blank'  class=\"ue_job_column_left\">\n                <img fetchpriority=\"high\" decoding=\"async\" class=\"ue_job_image\" src=\"https:\/\/www.fluitecnik.com\/wp-content\/uploads\/2025\/12\/pdf.webp\"\n              src=\"https:\/\/www.fluitecnik.com\/wp-content\/uploads\/2025\/12\/pdf.webp\" alt=\"pdf\" width=\"512\" height=\"512\"\n             alt=\"pdf\"             title=\"pdf\"                                       >\n              \n              \n            <\/a>\n      \n <div class=\"ue_job_data\"> \n    <div class=\"ue_job_title_salary_wrapper\">\n       <a href=\"https:\/\/www.fluitecnik.com\/wp-content\/uploads\/2025\/12\/CATA\u0301LOGO-K-PER-FLUITECNIK-1.pdf\"  target='_blank' aria-label=\"View details for K-Per \u00b7 Aluminium profile\"><div class=\"ue_job_title\">K-Per \u00b7 Aluminium profile<\/div><\/a>\n           <\/div>\n            \n  <div class=\"ue_job_inner_data\">\n    <div class=\"ue_job_column_middle\">\n                              \n              \n          <div class=\"ue_job_skills_wrapper\" role=\"list\" aria-label=\"Job skills\">\n    <div class=\"ue_job_skill\" role=\"listitem\">Fluitecnik<\/div>    <div class=\"ue_job_skill\" role=\"listitem\">Seguridad<\/div>              <\/div>\n    <\/div>\n                <div class=\"ue_job_buttons\">\n            <a href=\"https:\/\/www.fluitecnik.com\/wp-content\/uploads\/2025\/12\/CATA\u0301LOGO-K-PER-FLUITECNIK-1.pdf\"  target='_blank' class=\"ue_job_btn ue_btn_1\" aria-label=\"View details for K-Per \u00b7 Aluminium profile\">Descargar<\/a>                    <\/div>\n          <\/div>\n <\/div>\n   \n <\/div>\n\n<\/div>\n\n  <div id=\"uc_job_listing_elementor_876a744_empty_message\" class=\"ue-no-posts-found\"  style=\"display:none\"  role=\"status\">No Jobs Found<\/div>\n\n<!-- end Job Listing -->\t\t\t\t<\/div>\n\t\t\t\t<\/div>\n\t\t\t\t\t<\/div>\n\t\t\t\t<\/div>\n\t\t\t\t<div class=\"elementor-element elementor-element-075e9af elementor-widget elementor-widget-spacer\" data-id=\"075e9af\" data-element_type=\"widget\" data-e-type=\"widget\" data-widget_type=\"spacer.default\">\n\t\t\t\t\t\t\t<div class=\"elementor-spacer\">\n\t\t\t<div class=\"elementor-spacer-inner\"><\/div>\n\t\t<\/div>\n\t\t\t\t\t\t<\/div>\n\t\t\t\t\t<\/div>\n\t\t<\/div>\n\t\t\t\t<div class=\"elementor-column elementor-col-33 elementor-top-column elementor-element elementor-element-43bebde\" data-id=\"43bebde\" data-element_type=\"column\" data-e-type=\"column\">\n\t\t\t<div class=\"elementor-widget-wrap elementor-element-populated\">\n\t\t\t\t\t\t<div class=\"elementor-element elementor-element-04bf5ab elementor-widget elementor-widget-spacer\" data-id=\"04bf5ab\" data-element_type=\"widget\" data-e-type=\"widget\" data-widget_type=\"spacer.default\">\n\t\t\t\t\t\t\t<div class=\"elementor-spacer\">\n\t\t\t<div class=\"elementor-spacer-inner\"><\/div>\n\t\t<\/div>\n\t\t\t\t\t\t<\/div>\n\t\t\t\t\t<\/div>\n\t\t<\/div>\n\t\t\t\t\t<\/div>\n\t\t<\/section>\n\t\t\t\t<section class=\"elementor-section elementor-top-section elementor-element elementor-element-24c1047 elementor-section-boxed elementor-section-height-default elementor-section-height-default\" data-id=\"24c1047\" data-element_type=\"section\" data-e-type=\"section\">\n\t\t\t\t\t\t<div class=\"elementor-container elementor-column-gap-default\">\n\t\t\t\t\t<div class=\"elementor-column elementor-col-100 elementor-top-column elementor-element elementor-element-d1e1fca\" data-id=\"d1e1fca\" data-element_type=\"column\" data-e-type=\"column\">\n\t\t\t<div class=\"elementor-widget-wrap\">\n\t\t\t\t\t\t\t<\/div>\n\t\t<\/div>\n\t\t\t\t\t<\/div>\n\t\t<\/section>\n\t\t\t\t<section class=\"elementor-section elementor-top-section elementor-element elementor-element-7697d72b elementor-section-boxed elementor-section-height-default elementor-section-height-default\" data-id=\"7697d72b\" data-element_type=\"section\" data-e-type=\"section\" data-settings=\"{&quot;background_background&quot;:&quot;classic&quot;}\">\n\t\t\t\t\t\t<div class=\"elementor-container elementor-column-gap-default\">\n\t\t\t\t\t<div class=\"elementor-column elementor-col-100 elementor-top-column elementor-element elementor-element-28b41411\" data-id=\"28b41411\" data-element_type=\"column\" data-e-type=\"column\">\n\t\t\t<div class=\"elementor-widget-wrap elementor-element-populated\">\n\t\t\t\t\t\t<section class=\"elementor-section elementor-inner-section elementor-element elementor-element-2b4f6b5a elementor-section-boxed elementor-section-height-default elementor-section-height-default\" data-id=\"2b4f6b5a\" data-element_type=\"section\" data-e-type=\"section\" data-settings=\"{&quot;background_background&quot;:&quot;classic&quot;}\">\n\t\t\t\t\t\t<div class=\"elementor-container elementor-column-gap-default\">\n\t\t\t\t\t<div class=\"elementor-column elementor-col-50 elementor-inner-column elementor-element elementor-element-67c241d3\" data-id=\"67c241d3\" data-element_type=\"column\" data-e-type=\"column\">\n\t\t\t<div class=\"elementor-widget-wrap elementor-element-populated\">\n\t\t\t\t\t\t<div class=\"elementor-element elementor-element-540468fc elementor-widget elementor-widget-heading\" data-id=\"540468fc\" data-element_type=\"widget\" data-e-type=\"widget\" data-widget_type=\"heading.default\">\n\t\t\t\t\t<div class=\"translation-block\"><h2 class=\"elementor-heading-title elementor-size-default\"> \u00bfQuieres m\u00e1s informaci\u00f3n?<\/h2><\/div>\t\t\t\t<\/div>\n\t\t\t\t<div class=\"elementor-element elementor-element-e11b782 elementor-widget elementor-widget-spacer\" data-id=\"e11b782\" data-element_type=\"widget\" data-e-type=\"widget\" data-widget_type=\"spacer.default\">\n\t\t\t\t\t\t\t<div class=\"elementor-spacer\">\n\t\t\t<div class=\"elementor-spacer-inner\"><\/div>\n\t\t<\/div>\n\t\t\t\t\t\t<\/div>\n\t\t\t\t<div class=\"elementor-element elementor-element-2a97025b elementor-widget elementor-widget-text-editor\" data-id=\"2a97025b\" data-element_type=\"widget\" data-e-type=\"widget\" data-widget_type=\"text-editor.default\">\n\t\t\t\t\t<div class=\"translation-block\">\t\t\t\t<p><span>Fluitecnik es uno de los principales proveedores de soluciones <br \/>y componentes hidra\u00falicos y refrigeraci\u00f3n del mundo.<\/span><\/p>\t\t\t\t<\/div>\t\t\t\t<\/div>\n\t\t\t\t\t<\/div>\n\t\t<\/div>\n\t\t\t\t<div class=\"elementor-column elementor-col-50 elementor-inner-column elementor-element elementor-element-7f943944\" data-id=\"7f943944\" data-element_type=\"column\" data-e-type=\"column\">\n\t\t\t<div class=\"elementor-widget-wrap elementor-element-populated\">\n\t\t\t\t\t\t<div class=\"elementor-element elementor-element-72f28c24 elementor-align-right elementor-widget elementor-widget-button\" data-id=\"72f28c24\" data-element_type=\"widget\" data-e-type=\"widget\" data-widget_type=\"button.default\">\n\t\t\t\t\t\t\t\t\t\t<a class=\"elementor-button elementor-button-link elementor-size-sm\" href=\"\/contacto\">\n\t\t\t\t\t\t<span class=\"elementor-button-content-wrapper\">\n\t\t\t\t\t\t\t\t\t<span class=\"elementor-button-text\">Contacta<\/span>\n\t\t\t\t\t<\/span>\n\t\t\t\t\t<\/a>\n\t\t\t\t\t\t\t\t<\/div>\n\t\t\t\t\t<\/div>\n\t\t<\/div>\n\t\t\t\t\t<\/div>\n\t\t<\/section>\n\t\t\t\t<div class=\"elementor-element elementor-element-3d7b1cac divider_yes elementor-widget elementor-widget-wgl-double-headings\" data-id=\"3d7b1cac\" data-element_type=\"widget\" data-e-type=\"widget\" data-widget_type=\"wgl-double-headings.default\">\n\t\t\t\t<div class=\"elementor-widget-container\">\n\t\t\t\t\t<div class=\"wgl-double_heading aleft\">\t\t\t\t<h3 class=\"dbl-title_wrapper\">\t\t\t\t<\/h3><span class=\"dbl-title dbl-bg_text\">365D<\/span> \t\t<\/div>\t\t\t\t<\/div>\n\t\t\t\t<\/div>\n\t\t\t\t\t<\/div>\n\t\t<\/div>\n\t\t\t\t\t<\/div>\n\t\t<\/section>\n\t\t\t\t<section class=\"elementor-section elementor-top-section elementor-element elementor-element-6ed96847 elementor-section-boxed elementor-section-height-default elementor-section-height-default\" data-id=\"6ed96847\" data-element_type=\"section\" data-e-type=\"section\" data-settings=\"{&quot;background_background&quot;:&quot;classic&quot;}\">\n\t\t\t\t\t\t<div class=\"elementor-container elementor-column-gap-default\">\n\t\t\t\t\t<div class=\"elementor-column elementor-col-100 elementor-top-column elementor-element elementor-element-7ed2eab7\" data-id=\"7ed2eab7\" data-element_type=\"column\" data-e-type=\"column\">\n\t\t\t<div class=\"elementor-widget-wrap elementor-element-populated\">\n\t\t\t\t\t\t<div class=\"elementor-element elementor-element-7150d931 elementor-widget elementor-widget-spacer\" data-id=\"7150d931\" data-element_type=\"widget\" data-e-type=\"widget\" data-widget_type=\"spacer.default\">\n\t\t\t\t\t\t\t<div class=\"elementor-spacer\">\n\t\t\t<div class=\"elementor-spacer-inner\"><\/div>\n\t\t<\/div>\n\t\t\t\t\t\t<\/div>\n\t\t\t\t\t<\/div>\n\t\t<\/div>\n\t\t\t\t\t<\/div>\n\t\t<\/section>\n\t\t\t\t<\/div>\n\t\t","protected":false},"excerpt":{"rendered":"<p>Fluitecnik Industrial Fluitecnik Industrial Ingl\u00e9s Descargar Innovation in cooling and hydraulic systemas, Company Brochure Fluitecnik Innovacion e I+D Ingl\u00e9s Descargar K-Per \u00b7 Aluminium profile Fluitecnik Seguridad Descargar No Jobs Found \u00bfQuieres m\u00e1s informaci\u00f3n? Fluitecnik es uno de los principales proveedores de soluciones y componentes hidra\u00falicos y refrigeraci\u00f3n del mundo. Contacta 365D<\/p>\n","protected":false},"author":1,"featured_media":8821,"parent":0,"menu_order":0,"comment_status":"closed","ping_status":"closed","template":"","meta":{"footnotes":""},"class_list":["post-8397","page","type-page","status-publish","has-post-thumbnail","hentry"],"_links":{"self":[{"href":"https:\/\/www.fluitecnik.com\/es\/wp-json\/wp\/v2\/pages\/8397","targetHints":{"allow":["GET"]}}],"collection":[{"href":"https:\/\/www.fluitecnik.com\/es\/wp-json\/wp\/v2\/pages"}],"about":[{"href":"https:\/\/www.fluitecnik.com\/es\/wp-json\/wp\/v2\/types\/page"}],"author":[{"embeddable":true,"href":"https:\/\/www.fluitecnik.com\/es\/wp-json\/wp\/v2\/users\/1"}],"replies":[{"embeddable":true,"href":"https:\/\/www.fluitecnik.com\/es\/wp-json\/wp\/v2\/comments?post=8397"}],"version-history":[{"count":1,"href":"https:\/\/www.fluitecnik.com\/es\/wp-json\/wp\/v2\/pages\/8397\/revisions"}],"predecessor-version":[{"id":10130,"href":"https:\/\/www.fluitecnik.com\/es\/wp-json\/wp\/v2\/pages\/8397\/revisions\/10130"}],"wp:featuredmedia":[{"embeddable":true,"href":"https:\/\/www.fluitecnik.com\/es\/wp-json\/wp\/v2\/media\/8821"}],"wp:attachment":[{"href":"https:\/\/www.fluitecnik.com\/es\/wp-json\/wp\/v2\/media?parent=8397"}],"curies":[{"name":"wp","href":"https:\/\/api.w.org\/{rel}","templated":true}]}}