{"id":4026,"date":"2025-11-02T20:22:48","date_gmt":"2025-11-02T20:22:48","guid":{"rendered":"https:\/\/dev.fluitecnik.com\/?page_id=4026"},"modified":"2026-04-17T10:17:12","modified_gmt":"2026-04-17T08:17:12","slug":"trabaja-con-nosotros","status":"publish","type":"page","link":"https:\/\/www.fluitecnik.com\/es\/trabaja-con-nosotros\/","title":{"rendered":"Trabaja con nosotros"},"content":{"rendered":"\t\t<div data-elementor-type=\"wp-page\" data-elementor-id=\"4026\" class=\"elementor elementor-4026\" data-elementor-post-type=\"page\">\n\t\t\t\t<div class=\"elementor-element elementor-element-639dbe1 e-flex e-con-boxed e-con e-parent\" data-id=\"639dbe1\" data-element_type=\"container\" data-e-type=\"container\">\n\t\t\t\t\t<div class=\"e-con-inner\">\n\t\t\t\t<div class=\"elementor-element elementor-element-7200df4 elementor-widget elementor-widget-heading\" data-id=\"7200df4\" data-element_type=\"widget\" data-e-type=\"widget\" data-widget_type=\"heading.default\">\n\t\t\t\t\t<div class=\"translation-block\"><h3 class=\"elementor-heading-title elementor-size-default\">Todo gran cambio empieza con una idea...<\/h3><\/div>\t\t\t\t<\/div>\n\t\t\t\t\t<\/div>\n\t\t\t\t<\/div>\n\t\t<div class=\"elementor-element elementor-element-c173b4d e-flex e-con-boxed e-con e-parent\" data-id=\"c173b4d\" data-element_type=\"container\" data-e-type=\"container\">\n\t\t\t\t\t<div class=\"e-con-inner\">\n\t\t<div class=\"elementor-element elementor-element-32ee477 e-con-full e-flex e-con e-child\" data-id=\"32ee477\" data-element_type=\"container\" data-e-type=\"container\">\n\t\t\t\t<div class=\"elementor-element elementor-element-a87dfb0 elementor-widget elementor-widget-text-editor\" data-id=\"a87dfb0\" data-element_type=\"widget\" data-e-type=\"widget\" data-widget_type=\"text-editor.default\">\n\t\t\t\t\t<div class=\"translation-block\">\t\t\t\t<p><strong>y nosotros vivimos para hacerla realidad.<\/strong><\/p><p>Somos <strong>FLUITECNIK<\/strong>, una empresa navarra con m\u00e1s de 35 a\u00f1os en el sector industrial y m\u00e1s de 25 a\u00f1os en el sector e\u00f3lico. Formamos equipos polivalentes, con profesionales de distintos \u00e1mbitos, donde podr\u00e1s encontrar: comerciales, ingenieros, t\u00e9cnicos de montaje y mantenimiento, operarios de log\u00edstica\u2026 entre otros.<\/p><p>Juntos trabajamos para dar soluciones a nuestros clientes. En Fluitecnik no creemos en soluciones est\u00e1ndar, creemos en soluciones hechas a medida para <strong>cada historia.<\/strong><\/p><p><strong>MIRA TODO LO QUE TE OFRECEMOS<\/strong><\/p><p>La cultura de la innovaci\u00f3n no ser\u00eda posible sin el factor humano y el talento. Nos preocupamos por contar con un equipo comprometido, y al que le ofrecemos continuamente nuevas oportunidades de crecimiento y desarrollo. Contamos con un equipo internacional y multidisciplinar, comprometido y entusiasmado.<\/p>\t\t\t\t<\/div>\t\t\t\t<\/div>\n\t\t\t\t<\/div>\n\t\t<div class=\"elementor-element elementor-element-78e12e9 e-con-full e-flex e-con e-child\" data-id=\"78e12e9\" data-element_type=\"container\" data-e-type=\"container\">\n\t\t\t\t<div class=\"elementor-element elementor-element-fa7cb25 elementor-widget elementor-widget-text-editor\" data-id=\"fa7cb25\" data-element_type=\"widget\" data-e-type=\"widget\" data-widget_type=\"text-editor.default\">\n\t\t\t\t\t<div class=\"translation-block\">\t\t\t\t<p>Por todo ello ofrecemos a nuestros empleados beneficios como:<\/p><ul><li>Libertad para trabajar, teniendo <strong>flexibilidad<\/strong> para adaptar tu horario laboral.<\/li><li>La <strong>igualdad<\/strong> es parte de nuestra cultura. Disponemos de un Plan de Igualdad activo que asegura procesos transparentes, equitativos y libres de cualquier discriminaci\u00f3n.<\/li><li>Te acompa\u00f1amos en tu <strong>crecimiento y desarrollo profesional<\/strong>, con formaci\u00f3n, retos y oportunidades reales.<\/li><li>Impulsamos avances reales a trav\u00e9s de nuestros <strong>proyectos de I+D<\/strong> que nos permiten innovar, aprender y crear soluciones \u00fanicas y nos mantienen en constante evoluci\u00f3n.<\/li><li>Un <strong>entorno respetuoso, colaborativo y positivo<\/strong>. Aqu\u00ed las personas se sienten parte del equipo desde el primer d\u00eda.<\/li><\/ul>\t\t\t\t<\/div>\t\t\t\t<\/div>\n\t\t\t\t<\/div>\n\t\t\t\t\t<\/div>\n\t\t\t\t<\/div>\n\t\t\t\t<section class=\"elementor-section elementor-top-section elementor-element elementor-element-979cca0 elementor-section-boxed elementor-section-height-default elementor-section-height-default\" data-id=\"979cca0\" data-element_type=\"section\" data-e-type=\"section\">\n\t\t\t\t\t\t<div class=\"elementor-container elementor-column-gap-default\">\n\t\t\t\t\t<div class=\"elementor-column elementor-col-100 elementor-top-column elementor-element elementor-element-ef72b6f\" data-id=\"ef72b6f\" data-element_type=\"column\" data-e-type=\"column\">\n\t\t\t<div class=\"elementor-widget-wrap elementor-element-populated\">\n\t\t\t\t\t\t<div class=\"elementor-element elementor-element-bacb90d elementor-align-center elementor-widget elementor-widget-button\" data-id=\"bacb90d\" data-element_type=\"widget\" data-e-type=\"widget\" data-widget_type=\"button.default\">\n\t\t\t\t\t\t\t\t\t\t<a class=\"elementor-button elementor-button-link elementor-size-sm\" href=\"\/nuestras-vacantes\/\">\n\t\t\t\t\t\t<span class=\"elementor-button-content-wrapper\">\n\t\t\t\t\t\t\t\t\t<span class=\"elementor-button-text\">Suma tu brillo a nuestro equipo<\/span>\n\t\t\t\t\t<\/span>\n\t\t\t\t\t<\/a>\n\t\t\t\t\t\t\t\t<\/div>\n\t\t\t\t\t<\/div>\n\t\t<\/div>\n\t\t\t\t\t<\/div>\n\t\t<\/section>\n\t\t\t\t<section class=\"elementor-section elementor-top-section elementor-element elementor-element-7639ff3 elementor-section-boxed elementor-section-height-default elementor-section-height-default\" data-id=\"7639ff3\" data-element_type=\"section\" data-e-type=\"section\">\n\t\t\t\t\t\t<div class=\"elementor-container elementor-column-gap-default\">\n\t\t\t\t\t<div class=\"elementor-column elementor-col-33 elementor-top-column elementor-element elementor-element-2b8e44b\" data-id=\"2b8e44b\" data-element_type=\"column\" data-e-type=\"column\">\n\t\t\t<div class=\"elementor-widget-wrap elementor-element-populated\">\n\t\t\t\t\t\t<div class=\"elementor-element elementor-element-a22d3f0 elementor-widget elementor-widget-spacer\" data-id=\"a22d3f0\" data-element_type=\"widget\" data-e-type=\"widget\" data-widget_type=\"spacer.default\">\n\t\t\t\t\t\t\t<div class=\"elementor-spacer\">\n\t\t\t<div class=\"elementor-spacer-inner\"><\/div>\n\t\t<\/div>\n\t\t\t\t\t\t<\/div>\n\t\t\t\t\t<\/div>\n\t\t<\/div>\n\t\t\t\t<div class=\"elementor-column elementor-col-33 elementor-top-column elementor-element elementor-element-d927350\" data-id=\"d927350\" data-element_type=\"column\" data-e-type=\"column\" data-settings=\"{&quot;background_background&quot;:&quot;classic&quot;}\">\n\t\t\t<div class=\"elementor-widget-wrap elementor-element-populated\">\n\t\t\t\t\t\t<div class=\"elementor-element elementor-element-ceac09a elementor-widget elementor-widget-text-editor\" data-id=\"ceac09a\" data-element_type=\"widget\" data-e-type=\"widget\" data-widget_type=\"text-editor.default\">\n\t\t\t\t\t<div class=\"translation-block\">\t\t\t\t<p><strong data-start=\"706\" data-end=\"739\">\u00danete a un equipo con futuro.<br \/><\/strong>En Fluitecnik buscamos talento con visi\u00f3n tecnol\u00f3gica y compromiso industrial. Consulta nuestras ofertas y da el siguiente paso en tu carrera profesional junto a un l\u00edder en innovaci\u00f3n.<\/p>\t\t\t\t<\/div>\t\t\t\t<\/div>\n\t\t\t\t<div class=\"elementor-element elementor-element-0bd2c1a elementor-widget elementor-widget-heading\" data-id=\"0bd2c1a\" data-element_type=\"widget\" data-e-type=\"widget\" data-widget_type=\"heading.default\">\n\t\t\t\t\t<div class=\"translation-block\"><h4 class=\"elementor-heading-title elementor-size-default\">Env\u00edanos tu CV<\/h4><\/div>\t\t\t\t<\/div>\n\t\t\t\t<div class=\"elementor-element elementor-element-3ef05c4 elementor-widget elementor-widget-shortcode\" data-id=\"3ef05c4\" data-element_type=\"widget\" data-e-type=\"widget\" data-widget_type=\"shortcode.default\">\n\t\t\t\t\t\t\t<div class=\"elementor-shortcode\">\n<div class=\"wpcf7 no-js\" id=\"wpcf7-f2470-o1\" lang=\"en-US\" dir=\"ltr\" data-wpcf7-id=\"2470\">\n<div class=\"screen-reader-response\"><p role=\"status\" aria-live=\"polite\" aria-atomic=\"true\"><\/p> <ul><\/ul><\/div>\n<form action=\"\/es\/wp-json\/wp\/v2\/pages\/4026#wpcf7-f2470-o1\" method=\"post\" class=\"wpcf7-form init\" aria-label=\"Contact form\" enctype=\"multipart\/form-data\" novalidate=\"novalidate\" data-status=\"init\">\n<fieldset class=\"hidden-fields-container\"><input type=\"hidden\" name=\"_wpcf7\" value=\"2470\" \/><input type=\"hidden\" name=\"_wpcf7_version\" value=\"6.1.5\" \/><input type=\"hidden\" name=\"_wpcf7_locale\" value=\"en_US\" \/><input type=\"hidden\" name=\"_wpcf7_unit_tag\" value=\"wpcf7-f2470-o1\" \/><input type=\"hidden\" name=\"_wpcf7_container_post\" value=\"0\" \/><input type=\"hidden\" name=\"_wpcf7_posted_data_hash\" value=\"\" \/>\n<\/fieldset>\n<div class='row'>\n<div class='wgl_col-6'>\n<span class=\"wpcf7-form-control-wrap\" data-name=\"nombre\"><input size=\"40\" maxlength=\"400\" class=\"wpcf7-form-control wpcf7-text wpcf7-validates-as-required\" aria-required=\"true\" aria-invalid=\"false\" placeholder=\"Nombre\" value=\"\" type=\"text\" name=\"nombre\" \/><\/span>\n<\/div>\n<div class='wgl_col-6'>\n<span class=\"wpcf7-form-control-wrap\" data-name=\"apellidos\"><input size=\"40\" maxlength=\"400\" class=\"wpcf7-form-control wpcf7-text wpcf7-validates-as-required\" aria-required=\"true\" aria-invalid=\"false\" placeholder=\"Apellidos\" value=\"\" type=\"text\" name=\"apellidos\" \/><\/span>\n<\/div>\n<div class='wgl_col-6'>\n<span class=\"wpcf7-form-control-wrap\" data-name=\"correoelectronico\"><input size=\"40\" maxlength=\"400\" class=\"wpcf7-form-control wpcf7-email wpcf7-validates-as-required wpcf7-text wpcf7-validates-as-email\" aria-required=\"true\" aria-invalid=\"false\" placeholder=\"Correo electr\u00f3nico\" value=\"\" type=\"email\" name=\"correoelectronico\" \/><\/span>\n<\/div>\n<div class='wgl_col-6'>\n<span class=\"wpcf7-form-control-wrap\" data-name=\"telefono\"><input size=\"40\" maxlength=\"400\" class=\"wpcf7-form-control wpcf7-tel wpcf7-validates-as-required wpcf7-text wpcf7-validates-as-tel\" aria-required=\"true\" aria-invalid=\"false\" placeholder=\"Tel\u00e9fono *\" value=\"\" type=\"tel\" name=\"telefono\" \/><\/span>\n<\/div>\n<div class='wgl_col-12'>\n<span class=\"wpcf7-form-control-wrap\" data-name=\"Comentarios\"><textarea cols=\"40\" rows=\"10\" maxlength=\"2000\" class=\"wpcf7-form-control wpcf7-textarea\" aria-invalid=\"false\" placeholder=\"Comentarios\" name=\"Comentarios\"><\/textarea><\/span>\n<\/div>\n<div class='wgl_col-12'>\n<span class=\"wpcf7-form-control-wrap\" data-name=\"CV\"><input size=\"40\" class=\"wpcf7-form-control wpcf7-file wpcf7-validates-as-required\" accept=\".pdf,.txt,.image\" aria-required=\"true\" aria-invalid=\"false\" type=\"file\" name=\"CV\" \/><\/span>\n<\/div>\n<div class='wgl_col-12 wpcf7-acceptance'><span class=\"wpcf7-form-control-wrap\" data-name=\"acceptance-178\"><span class=\"wpcf7-form-control wpcf7-acceptance\"><span class=\"wpcf7-list-item\"><label><input type=\"checkbox\" name=\"acceptance-178\" value=\"1\" aria-invalid=\"false\" \/><span class=\"wpcf7-list-item-label\">Acepto la <a href=\"\/politica-de-privacidad\/\" target=\"_blank\" title=\"Accede a la Pol\u00edtica de Privacidad de Fluitecnik\">Pol\u00edtica de Privacidad<\/a><\/span><\/label><\/span><\/span><\/span> <br><span class=\"wpcf7-form-control-wrap\" data-name=\"acceptance-459\"><span class=\"wpcf7-form-control wpcf7-acceptance\"><span class=\"wpcf7-list-item\"><label><input type=\"checkbox\" name=\"acceptance-459\" value=\"1\" aria-invalid=\"false\" \/><span class=\"wpcf7-list-item-label\">Acepto la <a href=\"\/politica-de-proteccion-de-datos\/\" target=\"_blank\" title=\"Accede a la Pol\u00edtica de Protecci\u00f3n de Datos de Fluitecnik\">Pol\u00edtica de Protecci\u00f3n de Datos<\/a><\/span><\/label><\/span><\/span><\/span> <\/div>\n<\/div>\n<input class=\"wpcf7-form-control wpcf7-submit has-spinner\" type=\"submit\" value=\"Enviar\" \/><div class=\"wpcf7-response-output\" aria-hidden=\"true\"><\/div>\n<\/form>\n<\/div>\n<\/div>\n\t\t\t\t\t\t<\/div>\n\t\t\t\t\t<\/div>\n\t\t<\/div>\n\t\t\t\t<div class=\"elementor-column elementor-col-33 elementor-top-column elementor-element elementor-element-43bebde\" data-id=\"43bebde\" data-element_type=\"column\" data-e-type=\"column\">\n\t\t\t<div class=\"elementor-widget-wrap elementor-element-populated\">\n\t\t\t\t\t\t<div class=\"elementor-element elementor-element-04bf5ab elementor-widget elementor-widget-spacer\" data-id=\"04bf5ab\" data-element_type=\"widget\" data-e-type=\"widget\" data-widget_type=\"spacer.default\">\n\t\t\t\t\t\t\t<div class=\"elementor-spacer\">\n\t\t\t<div class=\"elementor-spacer-inner\"><\/div>\n\t\t<\/div>\n\t\t\t\t\t\t<\/div>\n\t\t\t\t\t<\/div>\n\t\t<\/div>\n\t\t\t\t\t<\/div>\n\t\t<\/section>\n\t\t\t\t<section class=\"elementor-section elementor-top-section elementor-element elementor-element-24c1047 elementor-section-boxed elementor-section-height-default elementor-section-height-default\" data-id=\"24c1047\" data-element_type=\"section\" data-e-type=\"section\">\n\t\t\t\t\t\t<div class=\"elementor-container elementor-column-gap-default\">\n\t\t\t\t\t<div class=\"elementor-column elementor-col-100 elementor-top-column elementor-element elementor-element-d1e1fca\" data-id=\"d1e1fca\" data-element_type=\"column\" data-e-type=\"column\">\n\t\t\t<div class=\"elementor-widget-wrap elementor-element-populated\">\n\t\t\t\t\t\t<div class=\"elementor-element elementor-element-e11b782 elementor-widget elementor-widget-spacer\" data-id=\"e11b782\" data-element_type=\"widget\" data-e-type=\"widget\" data-widget_type=\"spacer.default\">\n\t\t\t\t\t\t\t<div class=\"elementor-spacer\">\n\t\t\t<div class=\"elementor-spacer-inner\"><\/div>\n\t\t<\/div>\n\t\t\t\t\t\t<\/div>\n\t\t\t\t\t<\/div>\n\t\t<\/div>\n\t\t\t\t\t<\/div>\n\t\t<\/section>\n\t\t\t\t<section class=\"elementor-section elementor-top-section elementor-element elementor-element-3367a3c5 elementor-section-boxed elementor-section-height-default elementor-section-height-default\" data-id=\"3367a3c5\" data-element_type=\"section\" data-e-type=\"section\" data-settings=\"{&quot;background_background&quot;:&quot;classic&quot;}\">\n\t\t\t\t\t\t<div class=\"elementor-container elementor-column-gap-extended\">\n\t\t\t\t\t<div class=\"elementor-column elementor-col-50 elementor-top-column elementor-element elementor-element-45d3f058\" data-id=\"45d3f058\" data-element_type=\"column\" data-e-type=\"column\">\n\t\t\t<div class=\"elementor-widget-wrap elementor-element-populated\">\n\t\t\t\t\t\t<div class=\"elementor-element elementor-element-2bccaaa0 divider_yes aleft elementor-widget elementor-widget-wgl-services-8\" data-id=\"2bccaaa0\" data-element_type=\"widget\" data-e-type=\"widget\" data-widget_type=\"wgl-services-8.default\">\n\t\t\t\t<div class=\"elementor-widget-container\">\n\t\t\t\t\t        <div class=\"wgl-services-8\">\r\n            <div class=\"wgl-services_media\">\r\n            <\/div>\r\n            <div class=\"wgl-services_wrap\">\r\n                <div class=\"wgl-services_content-wrap\">\r\n                    <div class=\"wgl-services_bg_text\">Sedes<\/div><div class=\"wgl-services_subtitle\"><span>Presencia internacional, soporte local<\/span><\/div><h3 class=\"wgl-services_title\">Localizaci\u00f3n<\/h3><div class=\"wgl-services_content\"><p>Descubre nuestras sedes en Pamplona y China. Fluitecnik opera a nivel global para ofrecer soluciones industriales all\u00ed donde m\u00e1s se necesitan, con atenci\u00f3n t\u00e9cnica y log\u00edstica local.<\/p><\/div><div class=\"wgl-services_readmore icon-position-right corner-attached corner-position_bottom\"><a href=\"\/localizacion\"><i class=\"flaticon-download\"><\/i><\/a><\/div>\r\n                <\/div>\r\n            <\/div>\r\n        <\/div>\r\n\r\n        \t\t\t\t<\/div>\n\t\t\t\t<\/div>\n\t\t\t\t<div class=\"elementor-element elementor-element-37ed7092 elementor-widget elementor-widget-spacer\" data-id=\"37ed7092\" data-element_type=\"widget\" data-e-type=\"widget\" data-widget_type=\"spacer.default\">\n\t\t\t\t\t\t\t<div class=\"elementor-spacer\">\n\t\t\t<div class=\"elementor-spacer-inner\"><\/div>\n\t\t<\/div>\n\t\t\t\t\t\t<\/div>\n\t\t\t\t\t<\/div>\n\t\t<\/div>\n\t\t\t\t<div class=\"elementor-column elementor-col-50 elementor-top-column elementor-element elementor-element-5be0daf5\" data-id=\"5be0daf5\" data-element_type=\"column\" data-e-type=\"column\">\n\t\t\t<div class=\"elementor-widget-wrap elementor-element-populated\">\n\t\t\t\t\t\t<div class=\"elementor-element elementor-element-6589a5e4 divider_yes aleft elementor-widget elementor-widget-wgl-services-8\" data-id=\"6589a5e4\" data-element_type=\"widget\" data-e-type=\"widget\" data-widget_type=\"wgl-services-8.default\">\n\t\t\t\t<div class=\"elementor-widget-container\">\n\t\t\t\t\t        <div class=\"wgl-services-8\">\r\n            <div class=\"wgl-services_media\">\r\n            <\/div>\r\n            <div class=\"wgl-services_wrap\">\r\n                <div class=\"wgl-services_content-wrap\">\r\n                    <div class=\"wgl-services_bg_text\">Escr\u00edbenos<\/div><div class=\"wgl-services_subtitle\"><span>Contacta con nosotros<\/span><\/div><h3 class=\"wgl-services_title\">\u00bfTienes un proyecto? Hablemos.<\/h3><div class=\"wgl-services_content\"><p>Estamos aqu\u00ed para ayudarte. Ponte en contacto con nuestro equipo t\u00e9cnico o comercial y encuentra la soluci\u00f3n que mejor se adapta a tu industria. Respuesta r\u00e1pida y asesoramiento experto.<\/p><\/div><div class=\"wgl-services_readmore icon-position-right corner-attached corner-position_bottom\"><a href=\"\/contacto\"><i class=\"flaticon-download\"><\/i><\/a><\/div>\r\n                <\/div>\r\n            <\/div>\r\n        <\/div>\r\n\r\n        \t\t\t\t<\/div>\n\t\t\t\t<\/div>\n\t\t\t\t<div class=\"elementor-element elementor-element-3ae460e9 elementor-widget elementor-widget-spacer\" data-id=\"3ae460e9\" data-element_type=\"widget\" data-e-type=\"widget\" data-widget_type=\"spacer.default\">\n\t\t\t\t\t\t\t<div class=\"elementor-spacer\">\n\t\t\t<div class=\"elementor-spacer-inner\"><\/div>\n\t\t<\/div>\n\t\t\t\t\t\t<\/div>\n\t\t\t\t\t<\/div>\n\t\t<\/div>\n\t\t\t\t\t<\/div>\n\t\t<\/section>\n\t\t\t\t<\/div>\n\t\t","protected":false},"excerpt":{"rendered":"<p>Todo gran cambio empieza con una idea&#8230; y nosotros vivimos para hacerla realidad. Somos FLUITECNIK, una empresa navarra con m\u00e1s de 35 a\u00f1os en el sector industrial y m\u00e1s de 25 a\u00f1os en el sector e\u00f3lico. Formamos equipos polivalentes, con profesionales de distintos \u00e1mbitos, donde podr\u00e1s encontrar: comerciales, ingenieros, t\u00e9cnicos de montaje y mantenimiento, operarios [&hellip;]<\/p>\n","protected":false},"author":1,"featured_media":6379,"parent":0,"menu_order":0,"comment_status":"closed","ping_status":"closed","template":"","meta":{"footnotes":""},"class_list":["post-4026","page","type-page","status-publish","has-post-thumbnail","hentry"],"_links":{"self":[{"href":"https:\/\/www.fluitecnik.com\/es\/wp-json\/wp\/v2\/pages\/4026","targetHints":{"allow":["GET"]}}],"collection":[{"href":"https:\/\/www.fluitecnik.com\/es\/wp-json\/wp\/v2\/pages"}],"about":[{"href":"https:\/\/www.fluitecnik.com\/es\/wp-json\/wp\/v2\/types\/page"}],"author":[{"embeddable":true,"href":"https:\/\/www.fluitecnik.com\/es\/wp-json\/wp\/v2\/users\/1"}],"replies":[{"embeddable":true,"href":"https:\/\/www.fluitecnik.com\/es\/wp-json\/wp\/v2\/comments?post=4026"}],"version-history":[{"count":6,"href":"https:\/\/www.fluitecnik.com\/es\/wp-json\/wp\/v2\/pages\/4026\/revisions"}],"predecessor-version":[{"id":10143,"href":"https:\/\/www.fluitecnik.com\/es\/wp-json\/wp\/v2\/pages\/4026\/revisions\/10143"}],"wp:featuredmedia":[{"embeddable":true,"href":"https:\/\/www.fluitecnik.com\/es\/wp-json\/wp\/v2\/media\/6379"}],"wp:attachment":[{"href":"https:\/\/www.fluitecnik.com\/es\/wp-json\/wp\/v2\/media?parent=4026"}],"curies":[{"name":"wp","href":"https:\/\/api.w.org\/{rel}","templated":true}]}}