{"id":3989,"date":"2025-11-02T19:56:01","date_gmt":"2025-11-02T19:56:01","guid":{"rendered":"https:\/\/dev.fluitecnik.com\/?page_id=3989"},"modified":"2026-03-26T09:35:39","modified_gmt":"2026-03-26T08:35:39","slug":"localizacion","status":"publish","type":"page","link":"https:\/\/www.fluitecnik.com\/es\/localizacion\/","title":{"rendered":"Localizaci\u00f3n"},"content":{"rendered":"\t\t<div data-elementor-type=\"wp-page\" data-elementor-id=\"3989\" class=\"elementor elementor-3989\" data-elementor-post-type=\"page\">\n\t\t\t\t\t\t<section class=\"elementor-section elementor-top-section elementor-element elementor-element-979cca0 elementor-section-boxed elementor-section-height-default elementor-section-height-default\" data-id=\"979cca0\" data-element_type=\"section\" data-e-type=\"section\">\n\t\t\t\t\t\t<div class=\"elementor-container elementor-column-gap-default\">\n\t\t\t\t\t<div class=\"elementor-column elementor-col-100 elementor-top-column elementor-element elementor-element-ef72b6f\" data-id=\"ef72b6f\" data-element_type=\"column\" data-e-type=\"column\">\n\t\t\t<div class=\"elementor-widget-wrap elementor-element-populated\">\n\t\t\t\t\t\t<div class=\"elementor-element elementor-element-075e9af elementor-widget elementor-widget-spacer\" data-id=\"075e9af\" data-element_type=\"widget\" data-e-type=\"widget\" data-widget_type=\"spacer.default\">\n\t\t\t\t\t\t\t<div class=\"elementor-spacer\">\n\t\t\t<div class=\"elementor-spacer-inner\"><\/div>\n\t\t<\/div>\n\t\t\t\t\t\t<\/div>\n\t\t\t\t\t<\/div>\n\t\t<\/div>\n\t\t\t\t\t<\/div>\n\t\t<\/section>\n\t\t\t\t<section class=\"elementor-section elementor-top-section elementor-element elementor-element-574948e elementor-section-boxed elementor-section-height-default elementor-section-height-default\" data-id=\"574948e\" data-element_type=\"section\" data-e-type=\"section\">\n\t\t\t\t\t\t<div class=\"elementor-container elementor-column-gap-default\">\n\t\t\t\t\t<div class=\"elementor-column elementor-col-100 elementor-top-column elementor-element elementor-element-a9ec49d\" data-id=\"a9ec49d\" data-element_type=\"column\" data-e-type=\"column\">\n\t\t\t<div class=\"elementor-widget-wrap elementor-element-populated\">\n\t\t\t\t\t\t<div class=\"elementor-element elementor-element-680b8e5 divider_yes elementor-widget elementor-widget-wgl-double-headings\" data-id=\"680b8e5\" data-element_type=\"widget\" data-e-type=\"widget\" data-widget_type=\"wgl-double-headings.default\">\n\t\t\t\t<div class=\"elementor-widget-container\">\n\t\t\t\t\t<div class=\"wgl-double_heading acenter\">\t\t\t\t<h3 class=\"dbl-title_wrapper\"><span class=\"dbl-title dbl-title_1\">Sedes Fluitecnik<\/span> \t\t\t\t<\/h3><span class=\"dbl-title dbl-bg_text\">Fluitecnik<\/span> \t\t<\/div>\t\t\t\t<\/div>\n\t\t\t\t<\/div>\n\t\t\t\t\t<\/div>\n\t\t<\/div>\n\t\t\t\t\t<\/div>\n\t\t<\/section>\n\t\t\t\t<section class=\"elementor-section elementor-top-section elementor-element elementor-element-671ca1d1 elementor-section-boxed elementor-section-height-default elementor-section-height-default\" data-id=\"671ca1d1\" data-element_type=\"section\" data-e-type=\"section\" data-settings=\"{&quot;background_background&quot;:&quot;classic&quot;}\">\n\t\t\t\t\t\t<div class=\"elementor-container elementor-column-gap-default\">\n\t\t\t\t\t<div class=\"elementor-column elementor-col-50 elementor-top-column elementor-element elementor-element-6a1a59e\" data-id=\"6a1a59e\" data-element_type=\"column\" data-e-type=\"column\">\n\t\t\t<div class=\"elementor-widget-wrap elementor-element-populated\">\n\t\t\t\t\t\t<div class=\"elementor-element elementor-element-d6ef61f elementor-widget elementor-widget-ucaddon_content_accordion\" data-id=\"d6ef61f\" data-element_type=\"widget\" data-e-type=\"widget\" data-widget_type=\"ucaddon_content_accordion.default\">\n\t\t\t\t<div class=\"elementor-widget-container\">\n\t\t\t\t\t\n<!-- start Content Accordion -->\n\t\t<link id='font-awesome-css' href='https:\/\/www.fluitecnik.com\/wp-content\/plugins\/unlimited-elements-for-elementor-premium\/assets_libraries\/font-awesome6\/fontawesome-all.min.css' type='text\/css' rel='stylesheet' >\n\t\t<link id='font-awesome-4-shim-css' href='https:\/\/www.fluitecnik.com\/wp-content\/plugins\/unlimited-elements-for-elementor-premium\/assets_libraries\/font-awesome6\/fontawesome-v4-shims.min.css' type='text\/css' rel='stylesheet' >\n\n<style>\/* widget: Content Accordion *\/\n\n\n\n#uc_content_accordion_elementor_d6ef61f *{\n  box-sizing: border-box;\n}\n\n#uc_content_accordion_elementor_d6ef61f .ue_heading_title{\n  margin:0;\n  flex-grow:1;\n  display:flex;\n  flex-direction:row;\n}\n\n#uc_content_accordion_elementor_d6ef61f .uc_container .uc-heading{\n\tdisplay:flex;\n    align-items:center;\n\toverflow:hidden;\n\tcursor:pointer;  \n}\n\n#uc_content_accordion_elementor_d6ef61f .uc_container .uc_content{\n    display:none;\n}\n\n#uc_content_accordion_elementor_d6ef61f .uc_container .uc-heading span.ue_accordion_icon{\n\tdisplay:flex;\n    align-items:center;\n   \tjustify-content:center;\n    flex-grow:0;\n    flex-shrink:0;\n}\n\n#uc_content_accordion_elementor_d6ef61f .uc_ac_box.uc-item-active span.uc_dactive{\n\tdisplay:none;\n}\n\n#uc_content_accordion_elementor_d6ef61f .uc_ac_box:not(.uc-item-active) span.uc_active{\n\tdisplay:none;\n}\n\n#uc_content_accordion_elementor_d6ef61f span.ue_accordion_icon svg{\n  height:1em;\n  width:1em;\n}\n\n#uc_content_accordion_elementor_d6ef61f .uc_container .uc_btn {\n    text-align: center;\n    display: inline-block;\n    text-decoration: none;\n    transition: ease-in-out all 0.25s;\n}\n\n#uc_content_accordion_elementor_d6ef61f .ue-item-image img{\n  width:100%;\n  display:block;\n  object-fit:cover;\n}\n\n<\/style>\n\n<div class=\"uc_material_accordion  uc-remote-parent \"  id=\"uc_content_accordion_elementor_d6ef61f\"  data-name=\"\" data-scroll=\"off\" data-offset=\"0\" data-closeothers=\"true\" data-set-hash=\"false\" data-transition-duration=\"400\"  data-widgetname='Content Accordion' data-sync='true' data-syncid='group3'>\n  <div class=\"uc_container uc-items-wrapper\">\n    \n\n\n\n\n<div id=\"#ue-tab1\" class=\"uc_ac_box elementor-repeater-item-8c3379c \" style=\"background-color:;\">\n  <a href=\"javascript:void(0)\" class=\"uc-heading uc_trigger\" role=\"button\">\n    <span class=\"uc_dactive bbb ue_accordion_icon\"><i class='fas fa-map-marker-alt'><\/i><\/span> \n    <span class=\"uc_active bbb ue_accordion_icon\"><i class='fas fa-minus'><\/i><\/span>\n    <div class=\"ue_heading_title\">Oficinas Centrales<\/div>\n  <\/a>\n  \n  <div class=\"uc_content\" >\n        \n      \n         \n                        \n              <div class=\"ue-item-title\"><\/div>\n      \n              <div class=\"ue-item-text\"><p><a href=\"https:\/\/www.google.com\/maps\/place\/\/data=!4m2!3m1!1s0xd508b33971c418b:0xdb4653cefd6e56e6?sa=X&amp;ved=1t:8290&amp;ictx=111\" data-url=\"\/maps\/place\/\/data=!4m2!3m1!1s0xd508b33971c418b:0xdb4653cefd6e56e6?sa=X&amp;ved=2ahUKEwjO6bXlxeKPAxWPTKQEHTlXIcwQ4kB6BAgWEAA\" data-sb=\"\/url?sa=t&amp;source=web&amp;rct=j&amp;opi=89978449&amp;url=\/maps\/place\/\/data%3D!4m2!3m1!1s0xd508b33971c418b:0xdb4653cefd6e56e6%3Fsa%3DX%26ved%3D1t:8290%26ictx%3D111&amp;ved=2ahUKEwjO6bXlxeKPAxWPTKQEHTlXIcwQ4kB6BAhHEAM&amp;usg=AOvVaw2oA2x-ogWV491B64VV1EQx\" target=\"_blank\" rel=\"noopener\" tabindex=\"0\"><span>Pol. Ind. Comarca I <br \/>C\/ G - Nave 30<br \/>31160 Orkoien (Navarra) - Espa\u00f1a<\/span><\/a><\/p><p><a href=\"mailto:comercial@fluitecnik.com\" target=\"_blank\" rel=\"noopener\">comercial@fluitecnik.com<\/a><\/p><p><span><span class=\"LrzXr zdqRlf kno-fv\"><a data-dtype=\"d3ph\" data-local-attribute=\"d3ph\" jscontroller=\"LWZElb\" href=\"tel:+34 948 30 90 55\" jsdata=\"QKGTRc;_;UxrMaI70AY-ZkdUPua6F4Qw43\" jsaction=\"rcuQ6b:npT2md;F75qrd\" data-ved=\"2ahUKEwjO6bXlxeKPAxWPTKQEHTlXIcwQkAgoAHoECEkQAw\"><span aria-label=\"Llamar al n\u00famero de tel\u00e9fono 948 30 90 55\">+34 948 30 90 55<\/span><\/a><\/span><\/span><\/p><\/div>\n      \n              \n      <\/div> \n<\/div>\n\n\n\n\n\n<div id=\"#ue-tab2\" class=\"uc_ac_box elementor-repeater-item-76383ae \" style=\"background-color:;\">\n  <a href=\"javascript:void(0)\" class=\"uc-heading uc_trigger\" role=\"button\">\n    <span class=\"uc_dactive bbb ue_accordion_icon\"><i class='fas fa-map-marker-alt'><\/i><\/span> \n    <span class=\"uc_active bbb ue_accordion_icon\"><i class='fas fa-minus'><\/i><\/span>\n    <div class=\"ue_heading_title\">Windenergy<\/div>\n  <\/a>\n  \n  <div class=\"uc_content\" >\n        \n      \n         \n                        \n              <div class=\"ue-item-title\"><\/div>\n      \n              <div class=\"ue-item-text\"><div class=\"wpb_text_column wpb_content_element\"><p>\u00a0<\/p><p><a href=\"https:\/\/maps.app.goo.gl\/6J7TE1UbD6ZhdW1M8\" target=\"_blank\" rel=\"noopener\"><\/a><a href=\"https:\/\/maps.app.goo.gl\/JGeCJDP5Av4iUhU99\" data-url=\"\/maps\/place\/\/data=!4m2!3m1!1s0xd508b33971c418b:0xdb4653cefd6e56e6?sa=X&amp;ved=2ahUKEwjO6bXlxeKPAxWPTKQEHTlXIcwQ4kB6BAgWEAA\" data-sb=\"\/url?sa=t&amp;source=web&amp;rct=j&amp;opi=89978449&amp;url=\/maps\/place\/\/data%3D!4m2!3m1!1s0xd508b33971c418b:0xdb4653cefd6e56e6%3Fsa%3DX%26ved%3D1t:8290%26ictx%3D111&amp;ved=2ahUKEwjO6bXlxeKPAxWPTKQEHTlXIcwQ4kB6BAhHEAM&amp;usg=AOvVaw2oA2x-ogWV491B64VV1EQx\" target=\"_blank\" rel=\"noopener\" tabindex=\"0\"><span>Pol. Ind. Comarca I <br \/>C\/ G - Nave 38<br \/>31160 Orkoien (Navarra) - Espa\u00f1a<\/span><\/a><\/p><\/div><\/div>\n      \n              \n      <\/div> \n<\/div>\n\n\n\n\n\n<div id=\"#ue-tab3\" class=\"uc_ac_box elementor-repeater-item-0ac0300 \" style=\"background-color:;\">\n  <a href=\"javascript:void(0)\" class=\"uc-heading uc_trigger\" role=\"button\">\n    <span class=\"uc_dactive bbb ue_accordion_icon\"><i class='fas fa-map-marker-alt'><\/i><\/span> \n    <span class=\"uc_active bbb ue_accordion_icon\"><i class='fas fa-minus'><\/i><\/span>\n    <div class=\"ue_heading_title\">Madrid<\/div>\n  <\/a>\n  \n  <div class=\"uc_content\" >\n        \n      \n         \n                        \n              <div class=\"ue-item-title\"><\/div>\n      \n              <div class=\"ue-item-text\"><p><a href=\"https:\/\/maps.app.goo.gl\/uSoeu7kWzmo16zL37\" target=\"_blank\" rel=\"noopener\"><\/a><a href=\"https:\/\/maps.app.goo.gl\/uSoeu7kWzmo16zL37\" target=\"_blank\" rel=\"noopener\">Pol. Ind. Sur - Camino de lo <\/a><a href=\"https:\/\/maps.app.goo.gl\/uSoeu7kWzmo16zL37\" target=\"_blank\" rel=\"noopener\">Cortao, 10 - Nave 6\u00a0 - <\/a><a href=\"https:\/\/maps.app.goo.gl\/uSoeu7kWzmo16zL37\" target=\"_blank\" rel=\"noopener\">28703 San Sebasti\u00e1n de los Reyes (Madrid) - Espa\u00f1a<\/a><br \/><a href=\"tel:+34 91 653 61 54\">+34 91 653 61 54<\/a><\/p><\/div>\n      \n              \n      <\/div> \n<\/div>\n\n\n\n\n\n<div id=\"#ue-tab4\" class=\"uc_ac_box elementor-repeater-item-08f2de8 \" style=\"background-color:;\">\n  <a href=\"javascript:void(0)\" class=\"uc-heading uc_trigger\" role=\"button\">\n    <span class=\"uc_dactive bbb ue_accordion_icon\"><i class='fas fa-map-marker-alt'><\/i><\/span> \n    <span class=\"uc_active bbb ue_accordion_icon\"><i class='fas fa-minus'><\/i><\/span>\n    <div class=\"ue_heading_title\">Pa\u00eds Vasco<\/div>\n  <\/a>\n  \n  <div class=\"uc_content\" >\n        \n      \n         \n                        \n              <div class=\"ue-item-title\"><\/div>\n      \n              <div class=\"ue-item-text\"><p><a href=\"https:\/\/maps.app.goo.gl\/cmP4DxZT9JE7FdiJ8\" data-url=\"\/maps\/place\/\/data=!4m2!3m1!1s0xd508b33971c418b:0xdb4653cefd6e56e6?sa=X&amp;ved=2ahUKEwjO6bXlxeKPAxWPTKQEHTlXIcwQ4kB6BAgWEAA\" data-sb=\"\/url?sa=t&amp;source=web&amp;rct=j&amp;opi=89978449&amp;url=\/maps\/place\/\/data%3D!4m2!3m1!1s0xd508b33971c418b:0xdb4653cefd6e56e6%3Fsa%3DX%26ved%3D1t:8290%26ictx%3D111&amp;ved=2ahUKEwjO6bXlxeKPAxWPTKQEHTlXIcwQ4kB6BAhHEAM&amp;usg=AOvVaw2oA2x-ogWV491B64VV1EQx\" target=\"_blank\" rel=\"noopener\" tabindex=\"0\"><span><\/span><\/a><a href=\"https:\/\/maps.app.goo.gl\/EJAdzLr4bziFPkka9\" data-url=\"\/maps\/place\/\/data=!4m2!3m1!1s0xd508b33971c418b:0xdb4653cefd6e56e6?sa=X&amp;ved=2ahUKEwjO6bXlxeKPAxWPTKQEHTlXIcwQ4kB6BAgWEAA\" data-sb=\"\/url?sa=t&amp;source=web&amp;rct=j&amp;opi=89978449&amp;url=\/maps\/place\/\/data%3D!4m2!3m1!1s0xd508b33971c418b:0xdb4653cefd6e56e6%3Fsa%3DX%26ved%3D1t:8290%26ictx%3D111&amp;ved=2ahUKEwjO6bXlxeKPAxWPTKQEHTlXIcwQ4kB6BAhHEAM&amp;usg=AOvVaw2oA2x-ogWV491B64VV1EQx\" target=\"_blank\" rel=\"noopener\" tabindex=\"0\">Pol. Ind. Osinalde <br \/>Zelai-Haundi 1<br \/>20170 Usurbil (Gipuzkoa) - Espa\u00f1a<\/a><br \/><a href=\"tel:\u00a0+34 943 36 26 46\">\u00a0+34 943 36 26 46<\/a><\/p><\/div>\n      \n              \n      <\/div> \n<\/div>\n\n\n\n\n\n<div id=\"#ue-tab5\" class=\"uc_ac_box elementor-repeater-item-fabc93f \" style=\"background-color:;\">\n  <a href=\"javascript:void(0)\" class=\"uc-heading uc_trigger\" role=\"button\">\n    <span class=\"uc_dactive bbb ue_accordion_icon\"><i class='fas fa-map-marker-alt'><\/i><\/span> \n    <span class=\"uc_active bbb ue_accordion_icon\"><i class='fas fa-minus'><\/i><\/span>\n    <div class=\"ue_heading_title\">Treolica<\/div>\n  <\/a>\n  \n  <div class=\"uc_content\" >\n        \n      \n         \n                        \n              <div class=\"ue-item-title\"><\/div>\n      \n              <div class=\"ue-item-text\"><p>Teda, Tianjin 300457<br \/>P.R. China<\/p><\/div>\n      \n              \n      <\/div> \n<\/div>\n\n\n\n\n\n<div id=\"#ue-tab6\" class=\"uc_ac_box elementor-repeater-item-48b3fe3 \" style=\"background-color:;\">\n  <a href=\"javascript:void(0)\" class=\"uc-heading uc_trigger\" role=\"button\">\n    <span class=\"uc_dactive bbb ue_accordion_icon\"><i class='fas fa-map-marker-alt'><\/i><\/span> \n    <span class=\"uc_active bbb ue_accordion_icon\"><i class='fas fa-minus'><\/i><\/span>\n    <div class=\"ue_heading_title\">New Alliance<\/div>\n  <\/a>\n  \n  <div class=\"uc_content\" >\n        \n      \n         \n                        \n              <div class=\"ue-item-title\"><\/div>\n      \n              <div class=\"ue-item-text\"><p>Jiaxing, Zhejiang <br \/>P.R. CHINA<\/p><\/div>\n      \n              \n      <\/div> \n<\/div>\n\n  <\/div>\n<\/div>\n\n\n<!-- end Content Accordion -->\t\t\t\t<\/div>\n\t\t\t\t<\/div>\n\t\t\t\t\t<\/div>\n\t\t<\/div>\n\t\t\t\t<div class=\"elementor-column elementor-col-50 elementor-top-column elementor-element elementor-element-30610603\" data-id=\"30610603\" data-element_type=\"column\" data-e-type=\"column\">\n\t\t\t<div class=\"elementor-widget-wrap elementor-element-populated\">\n\t\t\t\t\t\t<div class=\"elementor-element elementor-element-df210f8 elementor-widget elementor-widget-ucaddon_hotspot\" data-id=\"df210f8\" data-element_type=\"widget\" data-e-type=\"widget\" data-widget_type=\"ucaddon_hotspot.default\">\n\t\t\t\t<div class=\"elementor-widget-container\">\n\t\t\t\t\t\n<!-- start Hotspots -->\n\t\t<link id='uc_ac_assets_file_tooltipster_bundle_min_css_6495-css' href='https:\/\/www.fluitecnik.com\/wp-content\/uploads\/ac_assets\/Hotspot\/tooltipster.bundle.min.css' type='text\/css' rel='stylesheet' >\n\n<style>\/* widget: Hotspots *\/\n\n#uc_hotspot_elementor_df210f8{\n  position:relative;\n  display: flex;\n}\n\n#uc_hotspot_elementor_df210f8 .ue_hotspot_container{\n  position: relative;\n}\n\n#uc_hotspot_elementor_df210f8 img{\n  display:block;\n  transition: all .3s ease;\n}\n\n#uc_hotspot_elementor_df210f8 .ue-hotspot-icon{\n  display:inline-block;\n  line-height:1em;\n}\n\n#uc_hotspot_elementor_df210f8 .ue-hotspot-icon svg{\n  height:1em;\n  width:1em;\n}\n\n#uc_hotspot_elementor_df210f8 .item-popup{\n  overflow:hidden;\n}\n\n#uc_hotspot_elementor_df210f8 .item-popup-text{\n  display: flex;\n  flex-direction: column;\n}\n\n#uc_hotspot_elementor_df210f8 .spot{\n  display:flex;\n  align-items:center;\n  justify-content:center;\n  text-align:center;\n  cursor:pointer;\n  position:absolute;\n  transform:translate(-50%,-50%);\n  box-sizing:border-box;\n  transition:0.5s;\n  line-height:1em;\n  text-decoration:none;  \n  \t\n}\n\n#uc_hotspot_elementor_df210f8 .spot:hover{\n  transform:translate(-50%,-50%) scale(0.9,0.9);\n}\n\n#uc_hotspot_elementor_df210f8 .spot:before{\n    content: '';\n    display: inline-block;\n    position: absolute;\n    top: -2px;\n    left: -2px;\n    bottom: -2px;\n    right: -2px;\n    border-radius: inherit;\n    border-width:1px;\n    border-style:solid;\n    -webkit-animation: btnIconRipple 2s cubic-bezier(0.23, 1, 0.32, 1) both infinite;\n    animation: btnIconRipple 2s cubic-bezier(0.23, 1, 0.32, 1) both infinite;\n}\n\n@keyframes btnIconRipple {\n  0% {\n    border-width: 4px;\n            transform: scale(1);\n  }\n  80% {\n    border-width: 1px;\n            transform: scale(1.35);\n  }\n  100% {\n    opacity: 0;\n  }\n}\n\n#uc_hotspot_elementor_df210f8 .tooltipster-base{\n  max-width:300px;\n}\n\n#uc_hotspot_elementor_df210f8 .tooltipster-arrow{\n  left: 50% !important;\n}\n\n#uc_hotspot_elementor_df210f8 .tooltipster-sidetip .tooltipster-box {\n\tbackground: #000000 !important;\n\tborder-color: #000000 !important;\n}\n\n#uc_hotspot_elementor_df210f8 .tooltipster-sidetip .tooltipster-content{\n  color: #ffffff !important;\n}\n\n#uc_hotspot_elementor_df210f8 .tooltipster-sidetip.tooltipster-bottom .tooltipster-arrow-background {\n\tborder-bottom-color: #000000 !important;\n}\n\n#uc_hotspot_elementor_df210f8 .tooltipster-sidetip.tooltipster-left .tooltipster-arrow-background {\n\tborder-left-color: #000000 !important;\n}\n\n#uc_hotspot_elementor_df210f8 .tooltipster-sidetip.tooltipster-right .tooltipster-arrow-background {\n\tborder-right-color: #000000 !important;\n}\n\n#uc_hotspot_elementor_df210f8 .tooltipster-sidetip.tooltipster-top .tooltipster-arrow-background {\n\tborder-top-color: #000000 !important;\n}\n\n#uc_hotspot_elementor_df210f8 .tooltipster-sidetip.tooltipster-bottom .tooltipster-arrow-border {\n\tborder-bottom-color: #000000 !important;\n}\n\n#uc_hotspot_elementor_df210f8 .tooltipster-sidetip.tooltipster-left .tooltipster-arrow-border {\n\tborder-left-color: #000000 !important;\n}\n\n#uc_hotspot_elementor_df210f8 .tooltipster-sidetip.tooltipster-right .tooltipster-arrow-border {\n\tborder-right-color: #000000 !important;\n}\n\n#uc_hotspot_elementor_df210f8 .tooltipster-sidetip.tooltipster-top .tooltipster-arrow-border {\n\tborder-top-color: #000000 !important;\n}\n\n.ue-popup-overlay{\n  position:fixed;\n  top:0;\n  bottom:0;\n  right:0;\n  left:0;\n  width:100%;\n  display:none;\n  z-index: 99999;\n}\n\n.item-popup{\n  display:none;\n  background-color:white;\n  position:absolute;\n  transform:translate(-50%,-50%);\n  z-index:100000000;\n}\n\n.item-popup-title{\n  justify-content:space-between;\n  align-items:center;\n  display:flex;\n}\n\n.item-popup-close{\n  cursor:pointer;\n}\n\n.item-popup-text{\n  padding:20px;\n}\n\n.ue-hotspot-popup-button{\n  display: inline-block;\n}\n\n<\/style>\n\n<div id=\"uc_hotspot_elementor_df210f8\" class=\"ue_hotspot  uc-remote-parent\"  data-widgetname='Hotspots' data-sync='true' data-syncid='group3' data-close-on-body-click=\"false\">\n  <img fetchpriority=\"high\" decoding=\"async\" src=\"https:\/\/www.fluitecnik.com\/wp-content\/uploads\/2025\/10\/Mapa-internacional-global-de-Fluitecnik-768x418.png\" alt=\"Mapa internacional con la expansi\u00f3n global de Fluitecnik\" width=\"768\" height=\"418\" title=\"\">\n  <div class=\"uc-hotspots-items\">\n  <a class=\"ue_hotspot-item spot elementor-repeater-item-18c837b \" id=\"uc_hotspot_elementor_df210f8_item1\" title=\"Awesome and Very&lt;br&gt;Long Text Test for this first tooltip\" >\n    <\/a>\n<a class=\"ue_hotspot-item spot elementor-repeater-item-5d0028e \" id=\"uc_hotspot_elementor_df210f8_item2\" title=\"Awesome and Very&lt;br&gt;Long Text Test for this first tooltip\" >\n    <\/a>\n<a class=\"ue_hotspot-item spot elementor-repeater-item-76f453c \" id=\"uc_hotspot_elementor_df210f8_item3\" title=\"Awesome and Very&lt;br&gt;Long Text Test for this first tooltip\" >\n    <\/a>\n<a class=\"ue_hotspot-item spot elementor-repeater-item-53af0e1 \" id=\"uc_hotspot_elementor_df210f8_item4\" title=\"Awesome and Very&lt;br&gt;Long Text Test for this first tooltip\" >\n    <\/a>\n<a class=\"ue_hotspot-item spot elementor-repeater-item-d5730ff \" id=\"uc_hotspot_elementor_df210f8_item5\" title=\"Awesome and Very&lt;br&gt;Long Text Test for this first tooltip\" >\n    <\/a>\n<a class=\"ue_hotspot-item spot elementor-repeater-item-aea9dd5 \" id=\"uc_hotspot_elementor_df210f8_item6\" title=\"Awesome and Very&lt;br&gt;Long Text Test for this first tooltip\" >\n    <\/a>\n\n  <\/div>\n  \n    \n  <div class=\"ue_hotspot_container\"><\/div>\n<\/div>\n<!-- end Hotspots -->\t\t\t\t<\/div>\n\t\t\t\t<\/div>\n\t\t\t\t\t<\/div>\n\t\t<\/div>\n\t\t\t\t\t<\/div>\n\t\t<\/section>\n\t\t\t\t<section class=\"elementor-section elementor-top-section elementor-element elementor-element-359acc07 elementor-section-boxed elementor-section-height-default elementor-section-height-default\" data-id=\"359acc07\" data-element_type=\"section\" data-e-type=\"section\" data-settings=\"{&quot;background_background&quot;:&quot;classic&quot;}\">\n\t\t\t\t\t\t<div class=\"elementor-container elementor-column-gap-extended\">\n\t\t\t\t\t<div class=\"elementor-column elementor-col-50 elementor-top-column elementor-element elementor-element-7c43efa\" data-id=\"7c43efa\" data-element_type=\"column\" data-e-type=\"column\">\n\t\t\t<div class=\"elementor-widget-wrap elementor-element-populated\">\n\t\t\t\t\t\t<div class=\"elementor-element elementor-element-acd61ca divider_yes aleft elementor-widget elementor-widget-wgl-services-8\" data-id=\"acd61ca\" data-element_type=\"widget\" data-e-type=\"widget\" data-widget_type=\"wgl-services-8.default\">\n\t\t\t\t<div class=\"elementor-widget-container\">\n\t\t\t\t\t        <div class=\"wgl-services-8\">\r\n            <div class=\"wgl-services_media\">\r\n            <\/div>\r\n            <div class=\"wgl-services_wrap\">\r\n                <div class=\"wgl-services_content-wrap\">\r\n                    <div class=\"wgl-services_bg_text\">Escr\u00edbenos<\/div><div class=\"wgl-services_subtitle\"><span>\u00bfTienes un proyecto? Hablemos.<\/span><\/div><h3 class=\"wgl-services_title\">Contacta con nosotros<\/h3><div class=\"wgl-services_content\"><p>Estamos aqu\u00ed para ayudarte. Ponte en contacto con nuestro equipo t\u00e9cnico o comercial y encuentra la soluci\u00f3n que mejor se adapta a tu industria. Respuesta r\u00e1pida y asesoramiento experto.<\/p><\/div><div class=\"wgl-services_readmore icon-position-right corner-attached corner-position_bottom\"><a href=\"\/contacto\"><i class=\"flaticon-download\"><\/i><\/a><\/div>\r\n                <\/div>\r\n            <\/div>\r\n        <\/div>\r\n\r\n        \t\t\t\t<\/div>\n\t\t\t\t<\/div>\n\t\t\t\t<div class=\"elementor-element elementor-element-12b8b4c elementor-widget elementor-widget-spacer\" data-id=\"12b8b4c\" data-element_type=\"widget\" data-e-type=\"widget\" data-widget_type=\"spacer.default\">\n\t\t\t\t\t\t\t<div class=\"elementor-spacer\">\n\t\t\t<div class=\"elementor-spacer-inner\"><\/div>\n\t\t<\/div>\n\t\t\t\t\t\t<\/div>\n\t\t\t\t\t<\/div>\n\t\t<\/div>\n\t\t\t\t<div class=\"elementor-column elementor-col-50 elementor-top-column elementor-element elementor-element-aa5b39d\" data-id=\"aa5b39d\" data-element_type=\"column\" data-e-type=\"column\">\n\t\t\t<div class=\"elementor-widget-wrap elementor-element-populated\">\n\t\t\t\t\t\t<div class=\"elementor-element elementor-element-bc94885 divider_yes aleft elementor-widget elementor-widget-wgl-services-8\" data-id=\"bc94885\" data-element_type=\"widget\" data-e-type=\"widget\" data-widget_type=\"wgl-services-8.default\">\n\t\t\t\t<div class=\"elementor-widget-container\">\n\t\t\t\t\t        <div class=\"wgl-services-8\">\r\n            <div class=\"wgl-services_media\">\r\n            <\/div>\r\n            <div class=\"wgl-services_wrap\">\r\n                <div class=\"wgl-services_content-wrap\">\r\n                    <div class=\"wgl-services_bg_text\">Env\u00eda CV<\/div><div class=\"wgl-services_subtitle\"><span>\u00danete a un equipo con futuro.<\/span><\/div><h3 class=\"wgl-services_title\">Trabaja con nosotros<\/h3><div class=\"wgl-services_content\"><p>En Fluitecnik buscamos talento con visi\u00f3n tecnol\u00f3gica y compromiso industrial. Consulta nuestras ofertas y da el siguiente paso en tu carrera profesional junto a un l\u00edder en innovaci\u00f3n.<\/p><\/div><div class=\"wgl-services_readmore icon-position-right corner-attached corner-position_bottom\"><a href=\"\/trabaja-con-nosotros\"><i class=\"flaticon-download\"><\/i><\/a><\/div>\r\n                <\/div>\r\n            <\/div>\r\n        <\/div>\r\n\r\n        \t\t\t\t<\/div>\n\t\t\t\t<\/div>\n\t\t\t\t<div class=\"elementor-element elementor-element-fe4b75d elementor-widget elementor-widget-spacer\" data-id=\"fe4b75d\" data-element_type=\"widget\" data-e-type=\"widget\" data-widget_type=\"spacer.default\">\n\t\t\t\t\t\t\t<div class=\"elementor-spacer\">\n\t\t\t<div class=\"elementor-spacer-inner\"><\/div>\n\t\t<\/div>\n\t\t\t\t\t\t<\/div>\n\t\t\t\t\t<\/div>\n\t\t<\/div>\n\t\t\t\t\t<\/div>\n\t\t<\/section>\n\t\t\t\t<\/div>\n\t\t","protected":false},"excerpt":{"rendered":"<p>Sedes Fluitecnik Fluitecnik Oficinas Centrales Pol. Ind. Comarca I C\/ G &#8211; Nave 3031160 Orkoien (Navarra) &#8211; Espa\u00f1a comercial@fluitecnik.com +34 948 30 90 55 Windenergy \u00a0 Pol. Ind. Comarca I C\/ G &#8211; Nave 3831160 Orkoien (Navarra) &#8211; Espa\u00f1a Madrid Pol. Ind. Sur &#8211; Camino de lo Cortao, 10 &#8211; Nave 6\u00a0 &#8211; 28703 San [&hellip;]<\/p>\n","protected":false},"author":1,"featured_media":2665,"parent":0,"menu_order":0,"comment_status":"closed","ping_status":"closed","template":"","meta":{"footnotes":""},"class_list":["post-3989","page","type-page","status-publish","has-post-thumbnail","hentry"],"_links":{"self":[{"href":"https:\/\/www.fluitecnik.com\/es\/wp-json\/wp\/v2\/pages\/3989","targetHints":{"allow":["GET"]}}],"collection":[{"href":"https:\/\/www.fluitecnik.com\/es\/wp-json\/wp\/v2\/pages"}],"about":[{"href":"https:\/\/www.fluitecnik.com\/es\/wp-json\/wp\/v2\/types\/page"}],"author":[{"embeddable":true,"href":"https:\/\/www.fluitecnik.com\/es\/wp-json\/wp\/v2\/users\/1"}],"replies":[{"embeddable":true,"href":"https:\/\/www.fluitecnik.com\/es\/wp-json\/wp\/v2\/comments?post=3989"}],"version-history":[{"count":0,"href":"https:\/\/www.fluitecnik.com\/es\/wp-json\/wp\/v2\/pages\/3989\/revisions"}],"wp:featuredmedia":[{"embeddable":true,"href":"https:\/\/www.fluitecnik.com\/es\/wp-json\/wp\/v2\/media\/2665"}],"wp:attachment":[{"href":"https:\/\/www.fluitecnik.com\/es\/wp-json\/wp\/v2\/media?parent=3989"}],"curies":[{"name":"wp","href":"https:\/\/api.w.org\/{rel}","templated":true}]}}