{"id":9448,"date":"2026-03-25T12:12:32","date_gmt":"2026-03-25T11:12:32","guid":{"rendered":"https:\/\/www.fluitecnik.com\/?page_id=9448"},"modified":"2026-03-26T09:48:06","modified_gmt":"2026-03-26T08:48:06","slug":"data-protection-policy","status":"publish","type":"page","link":"https:\/\/www.fluitecnik.com\/en\/politica-de-proteccion-de-datos\/","title":{"rendered":"Data Protection Policy"},"content":{"rendered":"<div data-elementor-type=\"wp-page\" data-elementor-id=\"9448\" class=\"elementor elementor-9448\" data-elementor-post-type=\"page\">\n\t\t\t\t<div class=\"elementor-element elementor-element-41120219 e-flex e-con-boxed e-con e-parent\" data-id=\"41120219\" data-element_type=\"container\" data-e-type=\"container\">\n\t\t\t\t\t<div class=\"e-con-inner\">\n\t\t\t\t<div class=\"elementor-element elementor-element-d7c626f elementor-widget elementor-widget-text-editor\" data-id=\"d7c626f\" data-element_type=\"widget\" data-e-type=\"widget\" data-widget_type=\"text-editor.default\">\n\t\t\t\t\t<div class=\"translation-block\">\t\t\t\tIn accordance with current Data Protection regulations, the personal data collected both through this form and those contained in the attached CV will be processed under the following conditions:\r\n<div class=\"wgl_col-12 wpcf7-acceptance\">\r\n<ol>\r\n \t<li>Person responsible for the processing: FLUITECNIK, S.A., with Tax Identification Code A31276603 and address at Pol\u00edgono Industrial Comarca 1 Calle G, Nave 30, 31160, Orkoien (Navarra).\r\n \t<li>Purpose of processing: management of the current selection process on behalf of FLUITECNIK, S.A.<\/li>.\r\n \t<li>Legal basis of processing: the user's consent collected through this form.<\/li> <li>Legal basis of processing: the user's consent collected through this form.\r\n \t<li>Data retention period: The term will correspond to a maximum of 1 year, proceeding to the elimination of the CV at the time of expiry of the term or in the event that the CV is not of interest.<\/li>\r\n \t<li>Transfers: No transfers will be made to third parties under any circumstances.\r\n \t<li>Information on rights: You may exercise your rights of access, rectification, deletion, limitation, portability and opposition by contacting the Data Controller at the address indicated in the first paragraph or by writing to the e-mail address recursoshumanos@fluitecnik.com.<\/li>\r\n<\/ol>\r\nYou may also file a complaint with the Data Protection Agency (www.aepd.es).\r\n\r\n<\/div>\t\t\t\t<\/div>\t\t\t\t<\/div>\n\t\t\t\t\t<\/div>\n\t\t\t\t<\/div>\n\t\t\t\t<\/div>","protected":false},"excerpt":{"rendered":"<p>De conformidad con la actual normativa de Protecci\u00f3n de Datos, los datos personales recabados tanto a trav\u00e9s de este formulario como los contenidos en el Curr\u00edculum adjunto se tratar\u00e1n bajo las siguientes condiciones: Responsable del tratamiento: FLUITECNIK, S.A., con CIF A31276603 y direcci\u00f3n en Pol\u00edgono Industrial Comarca 1 Calle G, Nave 30, 31160, Orkoien (Navarra). [&hellip;]<\/p>\n","protected":false},"author":1,"featured_media":8821,"parent":0,"menu_order":0,"comment_status":"closed","ping_status":"closed","template":"","meta":{"footnotes":""},"class_list":["post-9448","page","type-page","status-publish","has-post-thumbnail","hentry"],"_links":{"self":[{"href":"https:\/\/www.fluitecnik.com\/en\/wp-json\/wp\/v2\/pages\/9448","targetHints":{"allow":["GET"]}}],"collection":[{"href":"https:\/\/www.fluitecnik.com\/en\/wp-json\/wp\/v2\/pages"}],"about":[{"href":"https:\/\/www.fluitecnik.com\/en\/wp-json\/wp\/v2\/types\/page"}],"author":[{"embeddable":true,"href":"https:\/\/www.fluitecnik.com\/en\/wp-json\/wp\/v2\/users\/1"}],"replies":[{"embeddable":true,"href":"https:\/\/www.fluitecnik.com\/en\/wp-json\/wp\/v2\/comments?post=9448"}],"version-history":[{"count":0,"href":"https:\/\/www.fluitecnik.com\/en\/wp-json\/wp\/v2\/pages\/9448\/revisions"}],"wp:featuredmedia":[{"embeddable":true,"href":"https:\/\/www.fluitecnik.com\/en\/wp-json\/wp\/v2\/media\/8821"}],"wp:attachment":[{"href":"https:\/\/www.fluitecnik.com\/en\/wp-json\/wp\/v2\/media?parent=9448"}],"curies":[{"name":"wp","href":"https:\/\/api.w.org\/{rel}","templated":true}]}}