{"id":9286,"date":"2026-03-11T10:26:53","date_gmt":"2026-03-11T09:26:53","guid":{"rendered":"https:\/\/www.fluitecnik.com\/?page_id=9286"},"modified":"2026-03-25T12:55:47","modified_gmt":"2026-03-25T11:55:47","slug":"accessibility","status":"publish","type":"page","link":"https:\/\/www.fluitecnik.com\/en\/accesibilidad\/","title":{"rendered":"Accessibility"},"content":{"rendered":"<div class=\"gdlr-core-pbf-element\">\n<div class=\"gdlr-core-text-box-item gdlr-core-item-pdlr gdlr-core-item-pdb gdlr-core-left-align\">\n<div class=\"gdlr-core-text-box-item-content\">\n<p>&nbsp;<\/p>\n<p>&nbsp;<\/p>\n<p><strong>FLUITECNIK, S.A.,<\/strong> entidad privada, dedicada a ofrecer servicios de asesor\u00eda y representaci\u00f3n legal que se ha comprometido a hacer accesible su sitio web, de conformidad con el <a class=\"ext\" href=\"https:\/\/www.boe.es\/diario_boe\/txt.php?id=BOE-A-2018-12699\" target=\"_blank\" rel=\"noopener noreferrer\" data-extlink=\"\">Real Decreto 1112\/2018, de 7 de septiembre, sobre accesibilidad de los sitios web y aplicaciones para dispositivos m\u00f3viles del sector p\u00fablico.<\/a><\/p>\n<p>La presente declaraci\u00f3n de accesibilidad se aplica al sitio web https:\/\/www.fluitecnik.com.<\/p>\n<\/div>\n<\/div>\n<\/div>\n<div class=\"gdlr-core-pbf-element\">\n<div class=\"gdlr-core-title-item gdlr-core-item-pdb clearfix gdlr-core-left-align gdlr-core-title-item-caption-top gdlr-core-item-pdlr\">\n<div class=\"gdlr-core-title-item-title-wrap \">\n<h3><\/h3>\n<h3 class=\"gdlr-core-title-item-title gdlr-core-skin-title \">Situaci\u00f3n de cumplimiento<\/h3>\n<\/div>\n<\/div>\n<\/div>\n<div class=\"gdlr-core-pbf-element\">\n<div class=\"gdlr-core-text-box-item gdlr-core-item-pdlr gdlr-core-item-pdb gdlr-core-left-align\">\n<div class=\"gdlr-core-text-box-item-content\">\n<p style=\"padding-left: 40px;\">Este sitio web es parcialmente conforme con el <a class=\"ext\" href=\"https:\/\/www.boe.es\/diario_boe\/txt.php?id=BOE-A-2018-12699\" target=\"_blank\" rel=\"noopener noreferrer\" data-extlink=\"\">RD 1112\/2018<\/a> debido a las excepciones y a la falta de conformidad de los aspectos que se indican en el siguiente punto.<\/p>\n<\/div>\n<\/div>\n<\/div>\n<div class=\"gdlr-core-pbf-element\">\n<div class=\"gdlr-core-title-item gdlr-core-item-pdb clearfix gdlr-core-left-align gdlr-core-title-item-caption-top gdlr-core-item-pdlr\">\n<div class=\"gdlr-core-title-item-title-wrap \">\n<h3><\/h3>\n<h3 class=\"gdlr-core-title-item-title gdlr-core-skin-title \">Contenido no accesible<\/h3>\n<\/div>\n<\/div>\n<\/div>\n<div class=\"gdlr-core-pbf-element\">\n<div class=\"gdlr-core-text-box-item gdlr-core-item-pdlr gdlr-core-item-pdb gdlr-core-left-align\">\n<div class=\"gdlr-core-text-box-item-content\">\n<p style=\"padding-left: 40px;\">El contenido que se recoge a continuaci\u00f3n no es accesible por lo siguiente:<\/p>\n<p style=\"padding-left: 40px;\"><strong>Falta de conformidad con el RD 1112\/2018<\/strong><\/p>\n<p style=\"padding-left: 40px;\">Podr\u00edan existir documentos ofim\u00e1ticos en PDF y otros formatos publicados posteriormente al 20 de septiembre de 2018 que no cumplan en su totalidad los requisitos de accesibilidad. Se pueden solicitar los documentos completamente accesibles desde el formulario de contacto para formalizar quejas y consultas.<\/p>\n<p style=\"padding-left: 40px;\">Podr\u00edan existir errores de c\u00f3digo puntuales de edici\u00f3n en alguna p\u00e1gina web. [4.1.1 Procesamiento]\n<p style=\"padding-left: 40px;\"><strong>Carga desproporcionada<\/strong><\/p>\n<p style=\"padding-left: 40px;\">No aplica.<\/p>\n<p style=\"padding-left: 40px;\"><strong>El contenido no entra dentro del \u00e1mbito de la legislaci\u00f3n aplicable<\/strong><\/p>\n<p style=\"padding-left: 40px;\">Podr\u00edan existir archivos ofim\u00e1ticos en PDF u otros formatos publicados antes del 20 de septiembre de 2018 que no cumplan en su totalidad todos los requisitos de accesibilidad. Aunque se ha procurado que la mayor\u00eda de ellos s\u00ed lo cumplan.<\/p>\n<\/div>\n<\/div>\n<\/div>\n<div class=\"gdlr-core-pbf-element\">\n<div class=\"gdlr-core-title-item gdlr-core-item-pdb clearfix gdlr-core-left-align gdlr-core-title-item-caption-top gdlr-core-item-pdlr\">\n<div class=\"gdlr-core-title-item-title-wrap \">\n<h3><\/h3>\n<h3 class=\"gdlr-core-title-item-title gdlr-core-skin-title \">Preparaci\u00f3n para la siguiente declaraci\u00f3n de accesibilidad<\/h3>\n<\/div>\n<\/div>\n<\/div>\n<div class=\"gdlr-core-pbf-element\">\n<div class=\"gdlr-core-text-box-item gdlr-core-item-pdlr gdlr-core-item-pdb gdlr-core-left-align\">\n<div class=\"gdlr-core-text-box-item-content\">\n<p style=\"padding-left: 40px;\">La presente declaraci\u00f3n fue preparada el 22 de abril de 2024.<\/p>\n<p style=\"padding-left: 40px;\">El m\u00e9todo empleado para preparar la declaraci\u00f3n ha sido una autoevaluaci\u00f3n llevada a cabo por el propio organismo.<\/p>\n<div class=\"mb-3 subtitle_3\" style=\"padding-left: 40px;\"><strong>Observaciones y datos de contacto<\/strong><\/div>\n<p style=\"padding-left: 40px;\">Puede realizar comunicaciones sobre requisitos de accesibilidad (art\u00edculo 10.2.a del RD 1112\/2018) como, por ejemplo:<\/p>\n<ul>\n<li style=\"list-style-type: none;\">\n<ul>\n<li>Informar sobre cualquier posible incumplimiento por parte de este sitio web<\/li>\n<li>Transmitir otras dificultades de acceso al contenido<\/li>\n<li>Formular cualquier otra consulta o sugerencia de mejora relativa a la accesibilidad del sitio web<\/li>\n<li>a trav\u00e9s del n\u00famero de tel\u00e9fono <span><span class=\"LrzXr zdqRlf kno-fv\"><a data-dtype=\"d3ph\" data-local-attribute=\"d3ph\" jscontroller=\"LWZElb\" href=\"tel:+34 948 30 90 55\" jsdata=\"QKGTRc;_;UxrMaI70AY-ZkdUPua6F4Qw43\" jsaction=\"rcuQ6b:npT2md;F75qrd\" data-ved=\"2ahUKEwjO6bXlxeKPAxWPTKQEHTlXIcwQkAgoAHoECEkQAw\"><span aria-label=\"Llamar al n\u00famero de tel\u00e9fono 948 30 90 55\">+34 948 30 90 55<\/span><\/a><\/span><\/span><\/li>\n<\/ul>\n<\/li>\n<\/ul>\n<p style=\"padding-left: 40px;\">Puede presentar:<\/p>\n<ul>\n<li style=\"list-style-type: none;\">\n<ul>\n<li>Queja relativa al cumplimiento de los requisitos del RD 1112\/2018 o<\/li>\n<li>Solicitud de Informaci\u00f3n accesible relativa a:\n<ul>\n<li>Contenidos que est\u00e1n excluidos del \u00e1mbito de aplicaci\u00f3n del RD 1112\/2018 seg\u00fan lo establecido por el art\u00edculo 3, apartado 4<\/li>\n<li>Contenidos que est\u00e1n exentos del cumplimiento de los requisitos de accesibilidad por imponer una carga desproporcionada<\/li>\n<\/ul>\n<div><\/div>\n<\/li>\n<\/ul>\n<\/li>\n<\/ul>\n<p style=\"padding-left: 40px;\">En la Solicitud de informaci\u00f3n accesible, se debe concretar, con toda claridad, los hechos, razones y petici\u00f3n que permitan constatar que se trata de una solicitud razonable y leg\u00edtima.<\/p>\n<p style=\"padding-left: 40px;\">Las quejas y reclamaciones sobre informaci\u00f3n accesible se realizar\u00e1n a trav\u00e9s de\u00a0 (<a href=\"https:\/\/www.fluitecnik.com\/contacto\/\">https:\/\/www.fluitecnik.com\/contacto\/<\/a>) , y ser\u00e1n recibidas y tratadas.<\/p>\n<\/div>\n<\/div>\n<\/div>\n<div class=\"gdlr-core-pbf-element\">\n<div class=\"gdlr-core-title-item gdlr-core-item-pdb clearfix gdlr-core-left-align gdlr-core-title-item-caption-top gdlr-core-item-pdlr\">\n<div class=\"gdlr-core-title-item-title-wrap \">\n<h3><\/h3>\n<h3 class=\"gdlr-core-title-item-title gdlr-core-skin-title \">Contenido opcional<\/h3>\n<\/div>\n<\/div>\n<\/div>\n<div class=\"gdlr-core-pbf-element\">\n<div class=\"gdlr-core-text-box-item gdlr-core-item-pdlr gdlr-core-item-pdb gdlr-core-left-align\">\n<div class=\"gdlr-core-text-box-item-content\">\n<p style=\"padding-left: 40px;\">Este portal est\u00e1 dise\u00f1ado para poder cambiar el tama\u00f1o del texto y el color, as\u00ed como el fondo de la p\u00e1gina mediante las opciones de configuraci\u00f3n est\u00e1ndar de los navegadores.<\/p>\n<p style=\"padding-left: 40px;\">Si desea cambiar el tama\u00f1o de letra del texto en los principales navegadores gr\u00e1ficos utilice los siguientes men\u00fas:<\/p>\n<ul>\n<li style=\"list-style-type: none;\">\n<ul>\n<li>Internet Explorer, Mozilla y Firefox: Ver &gt; Tama\u00f1o del texto<\/li>\n<li>Opera: Ver &gt; Zoom<\/li>\n<li>Safari: Ver &gt; Hacer el texto m\u00e1s grande<\/li>\n<li>Chrome: Controla la p\u00e1gina actual &gt; Tama\u00f1o del texto<\/li>\n<li>Para modificar el tama\u00f1o de todo en la p\u00e1gina:\n<ul>\n<li>Ctrl + + para aumentarlo<\/li>\n<li>Ctrl + \u2013 para disminuirlo<\/li>\n<li>Ctrl + 0 restaura el tama\u00f1o original del texto<\/li>\n<li>Si lo que quiere es anular la hoja de estilos o modificar el color del texto, puede consultar la p\u00e1gina <span lang=\"en\">How to Change Text Size or Colors de la WAI<\/span>, que se puede leer traducida al espa\u00f1ol en \u00bfC\u00f3mo cambiar el tama\u00f1o del texto o colores?<\/li>\n<\/ul>\n<\/li>\n<\/ul>\n<\/li>\n<\/ul>\n<\/div>\n<\/div>\n<\/div>\n<p>&nbsp;<\/p>\n<p>&nbsp;<\/p>\n","protected":false},"excerpt":{"rendered":"<p>&nbsp; &nbsp; FLUITECNIK, S.A., entidad privada, dedicada a ofrecer servicios de asesor\u00eda y representaci\u00f3n legal que se ha comprometido a hacer accesible su sitio web, de conformidad con el Real Decreto 1112\/2018, de 7 de septiembre, sobre accesibilidad de los sitios web y aplicaciones para dispositivos m\u00f3viles del sector p\u00fablico. La presente declaraci\u00f3n de accesibilidad [&hellip;]<\/p>\n","protected":false},"author":1,"featured_media":0,"parent":0,"menu_order":0,"comment_status":"closed","ping_status":"closed","template":"","meta":{"footnotes":""},"class_list":["post-9286","page","type-page","status-publish","hentry"],"_links":{"self":[{"href":"https:\/\/www.fluitecnik.com\/en\/wp-json\/wp\/v2\/pages\/9286","targetHints":{"allow":["GET"]}}],"collection":[{"href":"https:\/\/www.fluitecnik.com\/en\/wp-json\/wp\/v2\/pages"}],"about":[{"href":"https:\/\/www.fluitecnik.com\/en\/wp-json\/wp\/v2\/types\/page"}],"author":[{"embeddable":true,"href":"https:\/\/www.fluitecnik.com\/en\/wp-json\/wp\/v2\/users\/1"}],"replies":[{"embeddable":true,"href":"https:\/\/www.fluitecnik.com\/en\/wp-json\/wp\/v2\/comments?post=9286"}],"version-history":[{"count":0,"href":"https:\/\/www.fluitecnik.com\/en\/wp-json\/wp\/v2\/pages\/9286\/revisions"}],"wp:attachment":[{"href":"https:\/\/www.fluitecnik.com\/en\/wp-json\/wp\/v2\/media?parent=9286"}],"curies":[{"name":"wp","href":"https:\/\/api.w.org\/{rel}","templated":true}]}}