{"id":3643,"date":"2025-11-02T10:34:26","date_gmt":"2025-11-02T10:34:26","guid":{"rendered":"https:\/\/dev.fluitecnik.com\/?page_id=3643"},"modified":"2026-03-26T09:21:50","modified_gmt":"2026-03-26T08:21:50","slug":"optimisation-and-continuous-improvement-solutions","status":"publish","type":"page","link":"https:\/\/www.fluitecnik.com\/en\/aftermarket\/soluciones-de-optimizacion-y-mejora-continua\/","title":{"rendered":"Optimisation and continuous improvement solutions"},"content":{"rendered":"<div data-elementor-type=\"wp-page\" data-elementor-id=\"3643\" class=\"elementor elementor-3643\" data-elementor-post-type=\"page\">\n\t\t\t\t\t\t<section class=\"elementor-section elementor-top-section elementor-element elementor-element-21e977e elementor-section-boxed elementor-section-height-default elementor-section-height-default\" data-id=\"21e977e\" data-element_type=\"section\" data-e-type=\"section\">\n\t\t\t\t\t\t<div class=\"elementor-container elementor-column-gap-extended\">\n\t\t\t\t\t<div class=\"elementor-column elementor-col-50 elementor-top-column elementor-element elementor-element-5f416ac\" data-id=\"5f416ac\" data-element_type=\"column\" data-e-type=\"column\" id=\"repuestos\">\n\t\t\t<div class=\"elementor-widget-wrap elementor-element-populated\">\n\t\t\t\t\t\t<div class=\"elementor-element elementor-element-f23bd20 elementor-widget elementor-widget-spacer\" data-id=\"f23bd20\" data-element_type=\"widget\" data-e-type=\"widget\" data-widget_type=\"spacer.default\">\n\t\t\t\t\t\t\t<div class=\"elementor-spacer\">\n\t\t\t<div class=\"elementor-spacer-inner\"><\/div>\n\t\t<\/div>\n\t\t\t\t\t\t<\/div>\n\t\t\t\t<div class=\"elementor-element elementor-element-7affd5a divider_yes elementor-widget elementor-widget-wgl-double-headings\" data-id=\"7affd5a\" data-element_type=\"widget\" data-e-type=\"widget\" data-widget_type=\"wgl-double-headings.default\">\n\t\t\t\t<div class=\"elementor-widget-container\">\n\t\t\t\t\t<div class=\"wgl-double_heading aleft\"><div class=\"dbl-subtitle\"><span>More efficiency, longer service life<\/span><\/div>\t\t\t\t<h2 class=\"dbl-title_wrapper\"><span class=\"dbl-title dbl-title_1\">Efficiency gains and cost reductions<\/span> \t\t\t\t<\/h2><span class=\"dbl-title dbl-bg_text\">Solutions<\/span> \t\t<\/div>\t\t\t\t<\/div>\n\t\t\t\t<\/div>\n\t\t\t\t<div class=\"elementor-element elementor-element-7543e09 elementor-widget elementor-widget-text-editor\" data-id=\"7543e09\" data-element_type=\"widget\" data-e-type=\"widget\" data-widget_type=\"text-editor.default\">\n\t\t\t\t\t<div class=\"translation-block\">\t\t\t\t<p>We offer <strong>optimisation and improvement solutions<\/strong> for <strong>wind turbines<\/strong>, aimed at maximising <strong>operational efficiency<\/strong> and extending the <strong>lifetime<\/strong> of the systems. We <strong>revert <strong>failures<\/strong>, optimise <strong>existing systems<\/strong> and develop <strong>upgrade kits<\/strong> adapted to the <strong>specific needs<\/strong> of each installation.<\/p><p>We also provide <strong>root cause analysis<\/strong>, <strong>advanced diagnostics<\/strong> and <strong>comprehensive technical support<\/strong>, ensuring that each upgrade is safely and efficiently integrated into <strong>turbine operation<\/strong>, reducing <strong>downtime<\/strong> and improving <strong>energy productivity<\/strong>.\t\t\t\t<\/div>\t\t\t\t<\/div>\n\t\t\t\t\t<\/div>\n\t\t<\/div>\n\t\t\t\t<div class=\"elementor-column elementor-col-50 elementor-top-column elementor-element elementor-element-8e20c09\" data-id=\"8e20c09\" data-element_type=\"column\" data-e-type=\"column\">\n\t\t\t<div class=\"elementor-widget-wrap elementor-element-populated\">\n\t\t\t\t\t\t<div class=\"elementor-element elementor-element-2bff3e4 elementor-widget elementor-widget-wgl-image-layers\" data-id=\"2bff3e4\" data-element_type=\"widget\" data-e-type=\"widget\" data-widget_type=\"wgl-image-layers.default\">\n\t\t\t\t<div class=\"elementor-widget-container\">\n\t\t\t\t\t<div class=\"wgl-image-layers\"><div class=\"img-layer_image-wrapper slide_down\" style=\"z-index: 1\">\r\n                <div class=\"img-layer_item\" style=\"transform: translate(0%, 0%);\">\r\n                    <div class=\"img-layer_image\" style=\"transition: all 800ms; transition-delay: 600ms;\">\r\n                        <img decoding=\"async\" src=\"http:\/\/dev.fluitecnik.com\/wp-content\/uploads\/2025\/11\/Gemini_Generated_Image_9f2arz9f2arz9f2a.png\" alt=\"Efficiency gains and cost reductions\" title=\"\">\r\n                    <\/div>\r\n                <\/div>\r\n            <\/div> <\/div>\t\t\t\t<\/div>\n\t\t\t\t<\/div>\n\t\t\t\t\t<\/div>\n\t\t<\/div>\n\t\t\t\t\t<\/div>\n\t\t<\/section>\n\t\t\t\t<section class=\"elementor-section elementor-top-section elementor-element elementor-element-82e1e63 elementor-section-boxed elementor-section-height-default elementor-section-height-default\" data-id=\"82e1e63\" data-element_type=\"section\" data-e-type=\"section\" data-settings=\"{&quot;background_background&quot;:&quot;classic&quot;}\">\n\t\t\t\t\t\t<div class=\"elementor-container elementor-column-gap-default\">\n\t\t\t\t\t<div class=\"elementor-column elementor-col-100 elementor-top-column elementor-element elementor-element-6256312\" data-id=\"6256312\" data-element_type=\"column\" data-e-type=\"column\">\n\t\t\t<div class=\"elementor-widget-wrap elementor-element-populated\">\n\t\t\t\t\t\t<div class=\"elementor-element elementor-element-f938b29 divider_yes elementor-widget elementor-widget-wgl-double-headings\" data-id=\"f938b29\" data-element_type=\"widget\" data-e-type=\"widget\" data-widget_type=\"wgl-double-headings.default\">\n\t\t\t\t<div class=\"elementor-widget-container\">\n\t\t\t\t\t<div class=\"wgl-double_heading aleft\">\t\t\t\t<h2 class=\"dbl-title_wrapper\"><span class=\"dbl-title dbl-title_1\">Successfully implemented improvements on key platforms<\/span> \t\t\t\t<\/h2><span class=\"dbl-title dbl-bg_text\">Improvements<\/span> \t\t<\/div>\t\t\t\t<\/div>\n\t\t\t\t<\/div>\n\t\t\t\t\t<\/div>\n\t\t<\/div>\n\t\t\t\t\t<\/div>\n\t\t<\/section>\n\t\t\t\t<section class=\"elementor-section elementor-top-section elementor-element elementor-element-a804e85 elementor-section-boxed elementor-section-height-default elementor-section-height-default\" data-id=\"a804e85\" data-element_type=\"section\" data-e-type=\"section\" data-settings=\"{&quot;background_background&quot;:&quot;classic&quot;}\">\n\t\t\t\t\t\t<div class=\"elementor-container elementor-column-gap-default\">\n\t\t\t\t\t<div class=\"elementor-column elementor-col-50 elementor-top-column elementor-element elementor-element-5634e38\" data-id=\"5634e38\" data-element_type=\"column\" data-e-type=\"column\">\n\t\t\t<div class=\"elementor-widget-wrap elementor-element-populated\">\n\t\t\t\t\t\t<div class=\"elementor-element elementor-element-33be198 elementor-widget elementor-widget-n-accordion\" data-id=\"33be198\" data-element_type=\"widget\" data-e-type=\"widget\" data-settings=\"{&quot;default_state&quot;:&quot;all_collapsed&quot;,&quot;max_items_expended&quot;:&quot;one&quot;,&quot;n_accordion_animation_duration&quot;:{&quot;unit&quot;:&quot;ms&quot;,&quot;size&quot;:400,&quot;sizes&quot;:[]}}\" data-widget_type=\"nested-accordion.default\">\n\t\t\t\t\t\t\t<div class=\"e-n-accordion\" aria-label=\"Accordion. Open links with Enter or Space, close with Escape, and navigate with Arrow Keys\">\n\t\t\t\t\t\t<details id=\"e-n-accordion-item-5420\" class=\"e-n-accordion-item\" >\n\t\t\t\t<summary class=\"e-n-accordion-item-title\" data-accordion-index=\"1\" tabindex=\"0\" aria-expanded=\"false\" aria-controls=\"e-n-accordion-item-5420\" >\n\t\t\t\t\t<span class='e-n-accordion-item-title-header'><div class=\"e-n-accordion-item-title-text\"> Platform AW1500 <\/div><\/span>\n\t\t\t\t\t\t\t<span class='e-n-accordion-item-title-icon'>\n\t\t\t<span class='e-opened' ><svg aria-hidden=\"true\" class=\"e-font-icon-svg e-fas-minus\" viewbox=\"0 0 448 512\" xmlns=\"http:\/\/www.w3.org\/2000\/svg\"><path d=\"M416 208H32c-17.67 0-32 14.33-32 32v32c0 17.67 14.33 32 32 32h384c17.67 0 32-14.33 32-32v-32c0-17.67-14.33-32-32-32z\"><\/path><\/svg><\/span>\n\t\t\t<span class='e-closed'><svg aria-hidden=\"true\" class=\"e-font-icon-svg e-fas-plus\" viewbox=\"0 0 448 512\" xmlns=\"http:\/\/www.w3.org\/2000\/svg\"><path d=\"M416 208H272V64c0-17.67-14.33-32-32-32h-32c-17.67 0-32 14.33-32 32v144H32c-17.67 0-32 14.33-32 32v32c0 17.67 14.33 32 32 32h144v144c0 17.67 14.33 32 32 32h32c17.67 0 32-14.33 32-32V304h144c17.67 0 32-14.33 32-32v-32c0-17.67-14.33-32-32-32z\"><\/path><\/svg><\/span>\n\t\t<\/span>\n\n\t\t\t\t\t\t<\/summary>\n\t\t\t\t<div role=\"region\" aria-labelledby=\"e-n-accordion-item-5420\" class=\"elementor-element elementor-element-8bf9749 e-con-full e-flex e-con e-child\" data-id=\"8bf9749\" data-element_type=\"container\" data-e-type=\"container\">\n\t\t\t\t<div class=\"elementor-element elementor-element-283323f elementor-widget elementor-widget-text-editor\" data-id=\"283323f\" data-element_type=\"widget\" data-e-type=\"widget\" data-widget_type=\"text-editor.default\">\n\t\t\t\t\t<div class=\"translation-block\">\t\t\t\t<ul><li data-start=\"938\" data-end=\"1046\"><strong data-start=\"938\" data-end=\"972\">Pressure line filter:<\/strong> additional protection of the hydraulic system from particles and debris.<\/li><li data-start=\"1049\" data-end=\"1144\"><strong data-start=\"1049\" data-end=\"1094\">Drainage of the flow cylinder to the tank:<\/strong> improves operating efficiency and reduces failures.<\/li><li data-start=\"1147\" data-end=\"1254\"><strong data-start=\"1147\" data-end=\"1184\">Cylinder repair kit:<\/strong> extends system life and avoids unnecessary replacements.<\/li><\/ul>\t\t\t\t<\/div>\t\t\t\t<\/div>\n\t\t\t\t<\/div>\n\t\t\t\t\t<\/details>\n\t\t\t\t\t\t<details id=\"e-n-accordion-item-5421\" class=\"e-n-accordion-item\" >\n\t\t\t\t<summary class=\"e-n-accordion-item-title\" data-accordion-index=\"2\" tabindex=\"-1\" aria-expanded=\"false\" aria-controls=\"e-n-accordion-item-5421\" >\n\t\t\t\t\t<span class='e-n-accordion-item-title-header'><div class=\"e-n-accordion-item-title-text\"> Platform AW3000 <\/div><\/span>\n\t\t\t\t\t\t\t<span class='e-n-accordion-item-title-icon'>\n\t\t\t<span class='e-opened' ><svg aria-hidden=\"true\" class=\"e-font-icon-svg e-fas-minus\" viewbox=\"0 0 448 512\" xmlns=\"http:\/\/www.w3.org\/2000\/svg\"><path d=\"M416 208H32c-17.67 0-32 14.33-32 32v32c0 17.67 14.33 32 32 32h384c17.67 0 32-14.33 32-32v-32c0-17.67-14.33-32-32-32z\"><\/path><\/svg><\/span>\n\t\t\t<span class='e-closed'><svg aria-hidden=\"true\" class=\"e-font-icon-svg e-fas-plus\" viewbox=\"0 0 448 512\" xmlns=\"http:\/\/www.w3.org\/2000\/svg\"><path d=\"M416 208H272V64c0-17.67-14.33-32-32-32h-32c-17.67 0-32 14.33-32 32v144H32c-17.67 0-32 14.33-32 32v32c0 17.67 14.33 32 32 32h144v144c0 17.67 14.33 32 32 32h32c17.67 0 32-14.33 32-32V304h144c17.67 0 32-14.33 32-32v-32c0-17.67-14.33-32-32-32z\"><\/path><\/svg><\/span>\n\t\t<\/span>\n\n\t\t\t\t\t\t<\/summary>\n\t\t\t\t<div role=\"region\" aria-labelledby=\"e-n-accordion-item-5421\" class=\"elementor-element elementor-element-9c1e963 e-con-full e-flex e-con e-child\" data-id=\"9c1e963\" data-element_type=\"container\" data-e-type=\"container\">\n\t\t\t\t<div class=\"elementor-element elementor-element-b707564 elementor-widget elementor-widget-text-editor\" data-id=\"b707564\" data-element_type=\"widget\" data-e-type=\"widget\" data-widget_type=\"text-editor.default\">\n\t\t\t\t\t<div class=\"translation-block\">\t\t\t\t<p data-start=\"1290\" data-end=\"1335\"><strong data-start=\"1290\" data-end=\"1327\">Automatic lubrication system<\/strong> for:<\/p><ul data-start=\"1338\" data-end=\"1414\"><li data-start=\"1338\" data-end=\"1360\"><p data-start=\"1340\" data-end=\"1360\">Main bearing<\/p><\/li><li data-start=\"1363\" data-end=\"1386\"><p data-start=\"1365\" data-end=\"1386\">Blade bearing<\/p><\/li><li><li data-start=\"1389\" data-end=\"1414\"><p data-start=\"1391\" data-end=\"1414\">Yaw system<\/p><\/li><\/ul><p data-start=\"1417\" data-end=\"1493\"><strong>Reduced wear, optimised maintenance and better overall performance.<\/strong><\/p>&lt;p\t\t\t\t<\/div>\t\t\t\t<\/div>\n\t\t\t\t<\/div>\n\t\t\t\t\t<\/details>\n\t\t\t\t\t<\/div>\n\t\t\t\t\t\t<\/div>\n\t\t\t\t\t<\/div>\n\t\t<\/div>\n\t\t\t\t<div class=\"elementor-column elementor-col-50 elementor-top-column elementor-element elementor-element-3638155\" data-id=\"3638155\" data-element_type=\"column\" data-e-type=\"column\">\n\t\t\t<div class=\"elementor-widget-wrap elementor-element-populated\">\n\t\t\t\t\t\t<div class=\"elementor-element elementor-element-746bbcf elementor-widget elementor-widget-n-accordion\" data-id=\"746bbcf\" data-element_type=\"widget\" data-e-type=\"widget\" data-settings=\"{&quot;default_state&quot;:&quot;all_collapsed&quot;,&quot;max_items_expended&quot;:&quot;one&quot;,&quot;n_accordion_animation_duration&quot;:{&quot;unit&quot;:&quot;ms&quot;,&quot;size&quot;:400,&quot;sizes&quot;:[]}}\" data-widget_type=\"nested-accordion.default\">\n\t\t\t\t\t\t\t<div class=\"e-n-accordion\" aria-label=\"Accordion. Open links with Enter or Space, close with Escape, and navigate with Arrow Keys\">\n\t\t\t\t\t\t<details id=\"e-n-accordion-item-1220\" class=\"e-n-accordion-item\" >\n\t\t\t\t<summary class=\"e-n-accordion-item-title\" data-accordion-index=\"1\" tabindex=\"0\" aria-expanded=\"false\" aria-controls=\"e-n-accordion-item-1220\" >\n\t\t\t\t\t<span class='e-n-accordion-item-title-header'><div class=\"e-n-accordion-item-title-text\"> G8 \/ G9 platforms <\/div><\/span>\n\t\t\t\t\t\t\t<span class='e-n-accordion-item-title-icon'>\n\t\t\t<span class='e-opened' ><svg aria-hidden=\"true\" class=\"e-font-icon-svg e-fas-minus\" viewbox=\"0 0 448 512\" xmlns=\"http:\/\/www.w3.org\/2000\/svg\"><path d=\"M416 208H32c-17.67 0-32 14.33-32 32v32c0 17.67 14.33 32 32 32h384c17.67 0 32-14.33 32-32v-32c0-17.67-14.33-32-32-32z\"><\/path><\/svg><\/span>\n\t\t\t<span class='e-closed'><svg aria-hidden=\"true\" class=\"e-font-icon-svg e-fas-plus\" viewbox=\"0 0 448 512\" xmlns=\"http:\/\/www.w3.org\/2000\/svg\"><path d=\"M416 208H272V64c0-17.67-14.33-32-32-32h-32c-17.67 0-32 14.33-32 32v144H32c-17.67 0-32 14.33-32 32v32c0 17.67 14.33 32 32 32h144v144c0 17.67 14.33 32 32 32h32c17.67 0 32-14.33 32-32V304h144c17.67 0 32-14.33 32-32v-32c0-17.67-14.33-32-32-32z\"><\/path><\/svg><\/span>\n\t\t<\/span>\n\n\t\t\t\t\t\t<\/summary>\n\t\t\t\t<div role=\"region\" aria-labelledby=\"e-n-accordion-item-1220\" class=\"elementor-element elementor-element-9503873 e-con-full e-flex e-con e-child\" data-id=\"9503873\" data-element_type=\"container\" data-e-type=\"container\">\n\t\t\t\t<div class=\"elementor-element elementor-element-9d6a060 elementor-widget elementor-widget-text-editor\" data-id=\"9d6a060\" data-element_type=\"widget\" data-e-type=\"widget\" data-widget_type=\"text-editor.default\">\n\t\t\t\t\t<div class=\"translation-block\">\t\t\t\t<ul><li data-start=\"1532\" data-end=\"1608\"><strong data-start=\"1532\" data-end=\"1569\">Cylinder repair kit:<\/strong> Fast and reliable reconditioning.<\/li><li data-start=\"1611\" data-end=\"1739\"><strong data-start=\"1611\" data-end=\"1665\">Sectioned front end of the step cylinder:<\/strong> facilitates maintenance and improves access for future interventions.\t\t\t\t<\/div>\t\t\t\t<\/div>\n\t\t\t\t<\/div>\n\t\t\t\t\t<\/details>\n\t\t\t\t\t\t<details id=\"e-n-accordion-item-1221\" class=\"e-n-accordion-item\" >\n\t\t\t\t<summary class=\"e-n-accordion-item-title\" data-accordion-index=\"2\" tabindex=\"-1\" aria-expanded=\"false\" aria-controls=\"e-n-accordion-item-1221\" >\n\t\t\t\t\t<span class='e-n-accordion-item-title-header'><div class=\"e-n-accordion-item-title-text\"> Multibrand Solutions <\/div><\/span>\n\t\t\t\t\t\t\t<span class='e-n-accordion-item-title-icon'>\n\t\t\t<span class='e-opened' ><svg aria-hidden=\"true\" class=\"e-font-icon-svg e-fas-minus\" viewbox=\"0 0 448 512\" xmlns=\"http:\/\/www.w3.org\/2000\/svg\"><path d=\"M416 208H32c-17.67 0-32 14.33-32 32v32c0 17.67 14.33 32 32 32h384c17.67 0 32-14.33 32-32v-32c0-17.67-14.33-32-32-32z\"><\/path><\/svg><\/span>\n\t\t\t<span class='e-closed'><svg aria-hidden=\"true\" class=\"e-font-icon-svg e-fas-plus\" viewbox=\"0 0 448 512\" xmlns=\"http:\/\/www.w3.org\/2000\/svg\"><path d=\"M416 208H272V64c0-17.67-14.33-32-32-32h-32c-17.67 0-32 14.33-32 32v144H32c-17.67 0-32 14.33-32 32v32c0 17.67 14.33 32 32 32h144v144c0 17.67 14.33 32 32 32h32c17.67 0 32-14.33 32-32V304h144c17.67 0 32-14.33 32-32v-32c0-17.67-14.33-32-32-32z\"><\/path><\/svg><\/span>\n\t\t<\/span>\n\n\t\t\t\t\t\t<\/summary>\n\t\t\t\t<div role=\"region\" aria-labelledby=\"e-n-accordion-item-1221\" class=\"elementor-element elementor-element-aa934cd e-con-full e-flex e-con e-child\" data-id=\"aa934cd\" data-element_type=\"container\" data-e-type=\"container\">\n\t\t\t\t<div class=\"elementor-element elementor-element-0ea773d elementor-widget elementor-widget-text-editor\" data-id=\"0ea773d\" data-element_type=\"widget\" data-e-type=\"widget\" data-widget_type=\"text-editor.default\">\n\t\t\t\t\t<div class=\"translation-block\">\t\t\t\t<ul><li data-start=\"1779\" data-end=\"1840\">Replacement of obsolete or high wear components.<\/li><li data-start=\"1843\" data-end=\"1920\">Design of new equivalent components, adapted to the original machine.<\/li><li data-start=\"1923\" data-end=\"1980\">Technical validation on the test bench and in the field.<\/li><\/ul>\t\t\t\t<\/div>\t\t\t\t<\/div>\n\t\t\t\t<\/div>\n\t\t\t\t\t<\/details>\n\t\t\t\t\t<\/div>\n\t\t\t\t\t\t<\/div>\n\t\t\t\t\t<\/div>\n\t\t<\/div>\n\t\t\t\t\t<\/div>\n\t\t<\/section>\n\t\t\t\t<section class=\"elementor-section elementor-top-section elementor-element elementor-element-1c02161 elementor-section-boxed elementor-section-height-default elementor-section-height-default\" data-id=\"1c02161\" data-element_type=\"section\" data-e-type=\"section\" data-settings=\"{&quot;background_background&quot;:&quot;classic&quot;}\">\n\t\t\t\t\t\t<div class=\"elementor-container elementor-column-gap-default\">\n\t\t\t\t\t<div class=\"elementor-column elementor-col-100 elementor-top-column elementor-element elementor-element-7f634e9\" data-id=\"7f634e9\" data-element_type=\"column\" data-e-type=\"column\">\n\t\t\t<div class=\"elementor-widget-wrap elementor-element-populated\">\n\t\t\t\t\t\t<section class=\"elementor-section elementor-inner-section elementor-element elementor-element-520610d elementor-section-boxed elementor-section-height-default elementor-section-height-default\" data-id=\"520610d\" data-element_type=\"section\" data-e-type=\"section\" data-settings=\"{&quot;background_background&quot;:&quot;classic&quot;}\">\n\t\t\t\t\t\t<div class=\"elementor-container elementor-column-gap-default\">\n\t\t\t\t\t<div class=\"elementor-column elementor-col-50 elementor-inner-column elementor-element elementor-element-ae61c49\" data-id=\"ae61c49\" data-element_type=\"column\" data-e-type=\"column\">\n\t\t\t<div class=\"elementor-widget-wrap elementor-element-populated\">\n\t\t\t\t\t\t<div class=\"elementor-element elementor-element-a8d5628 elementor-widget elementor-widget-heading\" data-id=\"a8d5628\" data-element_type=\"widget\" data-e-type=\"widget\" data-widget_type=\"heading.default\">\n\t\t\t\t\t<div class=\"translation-block\"><h2 class=\"elementor-heading-title elementor-size-default\"> Want more information?<\/h2><\/div>\t\t\t\t<\/div>\n\t\t\t\t<div class=\"elementor-element elementor-element-2977839 elementor-widget elementor-widget-text-editor\" data-id=\"2977839\" data-element_type=\"widget\" data-e-type=\"widget\" data-widget_type=\"text-editor.default\">\n\t\t\t\t\t<div class=\"translation-block\">\t\t\t\t<p><span>Fluitecnik is one of the world's leading providers of hydraulic and cooling solutions and components<\/span><\/p> <p><span><\/p> <p><span>Fluitecnik is one of the world's leading providers of hydraulic and cooling solutions and components.\t\t\t\t<\/div>\t\t\t\t<\/div>\n\t\t\t\t\t<\/div>\n\t\t<\/div>\n\t\t\t\t<div class=\"elementor-column elementor-col-50 elementor-inner-column elementor-element elementor-element-c6701e9\" data-id=\"c6701e9\" data-element_type=\"column\" data-e-type=\"column\">\n\t\t\t<div class=\"elementor-widget-wrap elementor-element-populated\">\n\t\t\t\t\t\t<div class=\"elementor-element elementor-element-5fb7b42 elementor-align-right elementor-widget elementor-widget-button\" data-id=\"5fb7b42\" data-element_type=\"widget\" data-e-type=\"widget\" data-widget_type=\"button.default\">\n\t\t\t\t\t\t\t\t\t\t<a class=\"elementor-button elementor-button-link elementor-size-sm\" href=\"\/en\/contact\/\">\n\t\t\t\t\t\t<span class=\"elementor-button-content-wrapper\">\n\t\t\t\t\t\t\t\t\t<span class=\"elementor-button-text\">Contact<\/span>\n\t\t\t\t\t<\/span>\n\t\t\t\t\t<\/a>\n\t\t\t\t\t\t\t\t<\/div>\n\t\t\t\t\t<\/div>\n\t\t<\/div>\n\t\t\t\t\t<\/div>\n\t\t<\/section>\n\t\t\t\t<div class=\"elementor-element elementor-element-c97d04f divider_yes elementor-widget elementor-widget-wgl-double-headings\" data-id=\"c97d04f\" data-element_type=\"widget\" data-e-type=\"widget\" data-widget_type=\"wgl-double-headings.default\">\n\t\t\t\t<div class=\"elementor-widget-container\">\n\t\t\t\t\t<div class=\"wgl-double_heading aleft\">\t\t\t\t<h3 class=\"dbl-title_wrapper\">\t\t\t\t<\/h3><span class=\"dbl-title dbl-bg_text\">365D<\/span> \t\t<\/div>\t\t\t\t<\/div>\n\t\t\t\t<\/div>\n\t\t\t\t\t<\/div>\n\t\t<\/div>\n\t\t\t\t\t<\/div>\n\t\t<\/section>\n\t\t\t\t<section class=\"elementor-section elementor-top-section elementor-element elementor-element-16abf5a1 elementor-section-boxed elementor-section-height-default elementor-section-height-default\" data-id=\"16abf5a1\" data-element_type=\"section\" data-e-type=\"section\" data-settings=\"{&quot;background_background&quot;:&quot;classic&quot;}\">\n\t\t\t\t\t\t<div class=\"elementor-container elementor-column-gap-default\">\n\t\t\t\t\t<div class=\"elementor-column elementor-col-100 elementor-top-column elementor-element elementor-element-3e99f84d\" data-id=\"3e99f84d\" data-element_type=\"column\" data-e-type=\"column\">\n\t\t\t<div class=\"elementor-widget-wrap elementor-element-populated\">\n\t\t\t\t\t\t<div class=\"elementor-element elementor-element-5960921e elementor-widget elementor-widget-spacer\" data-id=\"5960921e\" data-element_type=\"widget\" data-e-type=\"widget\" data-widget_type=\"spacer.default\">\n\t\t\t\t\t\t\t<div class=\"elementor-spacer\">\n\t\t\t<div class=\"elementor-spacer-inner\"><\/div>\n\t\t<\/div>\n\t\t\t\t\t\t<\/div>\n\t\t\t\t\t<\/div>\n\t\t<\/div>\n\t\t\t\t\t<\/div>\n\t\t<\/section>\n\t\t\t\t<\/div>","protected":false},"excerpt":{"rendered":"<p>M\u00e1s eficiencia, mayor vida \u00fatil Aumento de la eficiencia y reducci\u00f3n de costes Soluciones Ofrecemos soluciones de optimizaci\u00f3n y mejora para turbinas e\u00f3licas, orientadas a maximizar la eficiencia operativa y prolongar la vida \u00fatil de los sistemas. Revertimos fallos, optimizamos sistemas existentes y desarrollamos kits de actualizaci\u00f3n adaptados a las necesidades espec\u00edficas de cada instalaci\u00f3n. [&hellip;]<\/p>\n","protected":false},"author":1,"featured_media":5745,"parent":2703,"menu_order":0,"comment_status":"closed","ping_status":"closed","template":"","meta":{"footnotes":""},"class_list":["post-3643","page","type-page","status-publish","has-post-thumbnail","hentry"],"_links":{"self":[{"href":"https:\/\/www.fluitecnik.com\/en\/wp-json\/wp\/v2\/pages\/3643","targetHints":{"allow":["GET"]}}],"collection":[{"href":"https:\/\/www.fluitecnik.com\/en\/wp-json\/wp\/v2\/pages"}],"about":[{"href":"https:\/\/www.fluitecnik.com\/en\/wp-json\/wp\/v2\/types\/page"}],"author":[{"embeddable":true,"href":"https:\/\/www.fluitecnik.com\/en\/wp-json\/wp\/v2\/users\/1"}],"replies":[{"embeddable":true,"href":"https:\/\/www.fluitecnik.com\/en\/wp-json\/wp\/v2\/comments?post=3643"}],"version-history":[{"count":0,"href":"https:\/\/www.fluitecnik.com\/en\/wp-json\/wp\/v2\/pages\/3643\/revisions"}],"up":[{"embeddable":true,"href":"https:\/\/www.fluitecnik.com\/en\/wp-json\/wp\/v2\/pages\/2703"}],"wp:featuredmedia":[{"embeddable":true,"href":"https:\/\/www.fluitecnik.com\/en\/wp-json\/wp\/v2\/media\/5745"}],"wp:attachment":[{"href":"https:\/\/www.fluitecnik.com\/en\/wp-json\/wp\/v2\/media?parent=3643"}],"curies":[{"name":"wp","href":"https:\/\/api.w.org\/{rel}","templated":true}]}}