{"id":3123,"date":"2025-10-23T19:44:56","date_gmt":"2025-10-23T19:44:56","guid":{"rendered":"https:\/\/dev.fluitecnik.com\/?page_id=3123"},"modified":"2026-03-26T08:34:34","modified_gmt":"2026-03-26T07:34:34","slug":"innovation-and-id","status":"publish","type":"page","link":"https:\/\/www.fluitecnik.com\/en\/quienes-somos\/innovacion-e-id\/","title":{"rendered":"Innovation and R&amp;D"},"content":{"rendered":"<div data-elementor-type=\"wp-page\" data-elementor-id=\"3123\" class=\"elementor elementor-3123\" data-elementor-post-type=\"page\">\n\t\t\t\t\t\t<section class=\"elementor-section elementor-top-section elementor-element elementor-element-ca458eb elementor-section-content-middle elementor-section-boxed elementor-section-height-default elementor-section-height-default\" data-id=\"ca458eb\" data-element_type=\"section\" data-e-type=\"section\">\n\t\t\t\t\t\t<div class=\"elementor-container elementor-column-gap-extended\">\n\t\t\t\t\t<div class=\"elementor-column elementor-col-50 elementor-top-column elementor-element elementor-element-63cb23e8\" data-id=\"63cb23e8\" data-element_type=\"column\" data-e-type=\"column\">\n\t\t\t<div class=\"elementor-widget-wrap elementor-element-populated\">\n\t\t\t\t\t\t<div class=\"elementor-element elementor-element-2092d11e elementor-widget elementor-widget-spacer\" data-id=\"2092d11e\" data-element_type=\"widget\" data-e-type=\"widget\" data-widget_type=\"spacer.default\">\n\t\t\t\t\t\t\t<div class=\"elementor-spacer\">\n\t\t\t<div class=\"elementor-spacer-inner\"><\/div>\n\t\t<\/div>\n\t\t\t\t\t\t<\/div>\n\t\t\t\t<div class=\"elementor-element elementor-element-1dc4a999 divider_yes elementor-widget elementor-widget-wgl-double-headings\" data-id=\"1dc4a999\" data-element_type=\"widget\" data-e-type=\"widget\" data-widget_type=\"wgl-double-headings.default\">\n\t\t\t\t<div class=\"elementor-widget-container\">\n\t\t\t\t\t<div class=\"wgl-double_heading aleft\">\t\t\t\t<h3 class=\"dbl-title_wrapper\"><span class=\"dbl-title dbl-title_1\">Design and engineering that inspire the future<\/span> \t\t\t\t<\/h3><span class=\"dbl-title dbl-bg_text\">R&amp;D<\/span> \t\t<\/div>\t\t\t\t<\/div>\n\t\t\t\t<\/div>\n\t\t\t\t<div class=\"elementor-element elementor-element-5d52082 elementor-widget elementor-widget-text-editor\" data-id=\"5d52082\" data-element_type=\"widget\" data-e-type=\"widget\" data-widget_type=\"text-editor.default\">\n\t\t\t\t\t<div class=\"translation-block\">\t\t\t\t<p data-start=\"117\" data-end=\"464\">At Fluitecnik, <strong data-start=\"135\" data-end=\"149\">engineering<\/strong> is the basis of our <strong data-start=\"172\" data-end=\"179\">R&amp;D<\/strong>. We apply <strong data-start=\"191\" data-end=\"226\">advanced design methodologies<\/strong>, <strong data-start=\"228\" data-end=\"254\">simulation<\/strong>and <strong data-start=\"257\" data-end=\"278\">data analysis<\/strong> to develop <strong data-start=\"308\" data-end=\"278\">data analysis<\/strong> systems for <strong data-start=\"308\" data-end=\"325\">cooling<\/strong> and <strong data-start=\"328\" data-end=\"342\">hydraulics<\/strong> of <strong data-start=\"346\" data-end=\"365\">high efficiency<\/strong> and <strong data-start=\"368\" data-end=\"390\">operational robustness<\/strong>, <strong data-start=\"418\" data-end=\"434\">industrial<\/strong> and <strong data-start=\"440\" data-end=\"463\">renewable energy<\/strong> applications.<\/p><h6 data-start=\"466\" data-end=\"489\">Testing and validation<\/h6><p data-start=\"491\" data-end=\"842\">Our <strong data-start=\"500\" data-end=\"520\">test bank<\/strong> and our <strong data-start=\"523\" data-end=\"542\">tests<\/strong> and our <strong data-start=\"523\" data-end=\"542\">tests<\/strong>.end=\"542\"&gt;wind tunnel<\/strong> allow <strong data-start=\"552\" data-end=\"568\">components and systems to be tested<\/strong> under <strong data-start=\"597\" data-end=\"624\">controlled<\/strong> and <strong data-start=\"627\" data-end=\"644\">reproducible<\/strong> conditions. Each development is subject to <strong data-start=\"674\" data-end=\"702\">validation protocols<\/strong> ensuring <strong data-start=\"747\" data-end=\"762\">compliance<\/strong> with specifications, <strong data-start=\"785\" data-end=\"810\">operational stability<\/strong> and <strong data-start=\"813\" data-end=\"841\">long-term reliability<\/strong>.<\/p><h6 data-start=\"844\" data-end=\"871\">Performance guarantee<\/h6><p data-start=\"873\" data-end=\"1103\">The <strong data-start=\"884\" data-end=\"903\">data-driven approach<\/strong>, <strong data-start=\"908\" data-end=\"933\">complete traceability<\/strong> and <strong data-start=\"939\" data-end=\"968\">experimental verification<\/strong> ensure that each solution delivers the <strong data-start=\"1017\" data-end=\"1028\">level of <strong data-start=\"1017\" data-end=\"1028\">quality<\/strong>, <strong data-start=\"1030\" data-end=\"1043\">safety<\/strong> and <strong data-start=\"1046\" data-end=\"1061\">performance<\/strong> required by the most demanding environments.<\/p>\t\t\t\t<\/div>\t\t\t\t<\/div>\n\t\t\t\t\t<\/div>\n\t\t<\/div>\n\t\t\t\t<div class=\"elementor-column elementor-col-50 elementor-top-column elementor-element elementor-element-1327b630\" data-id=\"1327b630\" data-element_type=\"column\" data-e-type=\"column\">\n\t\t\t<div class=\"elementor-widget-wrap elementor-element-populated\">\n\t\t\t\t\t\t<div class=\"elementor-element elementor-element-73485e56 elementor-widget elementor-widget-wgl-image-layers\" data-id=\"73485e56\" data-element_type=\"widget\" data-e-type=\"widget\" data-widget_type=\"wgl-image-layers.default\">\n\t\t\t\t<div class=\"elementor-widget-container\">\n\t\t\t\t\t<div class=\"wgl-image-layers\"><div class=\"img-layer_image-wrapper slide_up\" style=\"z-index: 1\">\r\n                <div class=\"img-layer_item\" style=\"transform: translate(0%, 0%);\">\r\n                    <div class=\"img-layer_image\" style=\"transition: all 800ms; transition-delay: 600ms;\">\r\n                        <img decoding=\"async\" src=\"http:\/\/dev.fluitecnik.com\/wp-content\/uploads\/2025\/11\/innovacion-e-id-industria-01.png\" alt=\"innovation-e-innovation-i+d-industry-01\" title=\"\">\r\n                    <\/div>\r\n                <\/div>\r\n            <\/div> <div class=\"img-layer_image-wrapper slide_down\" style=\"z-index: 1\">\r\n                <div class=\"img-layer_item\" style=\"transform: translate(0%, 0%);\">\r\n                    <div class=\"img-layer_image\" style=\"transition: all 800ms; transition-delay: 1200ms;\">\r\n                        <img decoding=\"async\" src=\"http:\/\/dev.fluitecnik.com\/wp-content\/uploads\/2025\/11\/innovacion-e-id-industria-02.png\" alt=\"innovation-e-innovation-i+d-industry-02\" title=\"\">\r\n                    <\/div>\r\n                <\/div>\r\n            <\/div> <div class=\"img-layer_image-wrapper zoom_in\" style=\"z-index: 0\">\r\n                <div class=\"img-layer_item\" style=\"transform: translate(0%, 0%);\">\r\n                    <div class=\"img-layer_image\" style=\"transition: all 800ms; transition-delay: 1800ms;\">\r\n                        <img decoding=\"async\" src=\"https:\/\/dev.fluitecnik.com\/wp-content\/uploads\/2019\/12\/about_section_01.png\" alt=\"\" title=\"\">\r\n                    <\/div>\r\n                <\/div>\r\n            <\/div> <\/div>\t\t\t\t<\/div>\n\t\t\t\t<\/div>\n\t\t\t\t\t<\/div>\n\t\t<\/div>\n\t\t\t\t\t<\/div>\n\t\t<\/section>\n\t\t\t\t<section class=\"elementor-section elementor-top-section elementor-element elementor-element-52a35642 elementor-section-boxed elementor-section-height-default elementor-section-height-default\" data-id=\"52a35642\" data-element_type=\"section\" data-e-type=\"section\" data-settings=\"{&quot;background_background&quot;:&quot;classic&quot;}\">\n\t\t\t\t\t\t<div class=\"elementor-container elementor-column-gap-extended\">\n\t\t\t\t\t<div class=\"elementor-column elementor-col-100 elementor-top-column elementor-element elementor-element-257c1b7a\" data-id=\"257c1b7a\" data-element_type=\"column\" data-e-type=\"column\">\n\t\t\t<div class=\"elementor-widget-wrap elementor-element-populated\">\n\t\t\t\t\t\t<div class=\"elementor-element elementor-element-73c277ba elementor-widget elementor-widget-spacer\" data-id=\"73c277ba\" data-element_type=\"widget\" data-e-type=\"widget\" data-widget_type=\"spacer.default\">\n\t\t\t\t\t\t\t<div class=\"elementor-spacer\">\n\t\t\t<div class=\"elementor-spacer-inner\"><\/div>\n\t\t<\/div>\n\t\t\t\t\t\t<\/div>\n\t\t\t\t<div class=\"elementor-element elementor-element-1456682 divider_yes elementor-widget elementor-widget-wgl-double-headings\" data-id=\"1456682\" data-element_type=\"widget\" data-e-type=\"widget\" data-widget_type=\"wgl-double-headings.default\">\n\t\t\t\t<div class=\"elementor-widget-container\">\n\t\t\t\t\t<div class=\"wgl-double_heading acenter\">\t\t\t\t<h3 class=\"dbl-title_wrapper\"><span class=\"dbl-title dbl-title_1\">Commitment to excellence<\/span> \t\t\t\t<\/h3><span class=\"dbl-title dbl-bg_text\">R&amp;D<\/span> \t\t<\/div>\t\t\t\t<\/div>\n\t\t\t\t<\/div>\n\t\t\t\t<div class=\"elementor-element elementor-element-4b8db01 elementor-widget elementor-widget-text-editor\" data-id=\"4b8db01\" data-element_type=\"widget\" data-e-type=\"widget\" data-widget_type=\"text-editor.default\">\n\t\t\t\t\t<div class=\"translation-block\">\t\t\t\t<p>The <strong>quality<\/strong> is present in every detail: from design to final delivery. Our aim is to <strong>exceed expectations<\/strong> and offer solutions that <strong>make a difference in the industry<\/strong>.\t\t\t\t<\/div>\t\t\t\t<\/div>\n\t\t\t\t\t<\/div>\n\t\t<\/div>\n\t\t\t\t\t<\/div>\n\t\t<\/section>\n\t\t\t\t<section class=\"elementor-section elementor-top-section elementor-element elementor-element-c8c2007 elementor-section-boxed elementor-section-height-default elementor-section-height-default\" data-id=\"c8c2007\" data-element_type=\"section\" data-e-type=\"section\" data-settings=\"{&quot;background_background&quot;:&quot;classic&quot;}\">\n\t\t\t\t\t\t<div class=\"elementor-container elementor-column-gap-extended\">\n\t\t\t\t\t<div class=\"elementor-column elementor-col-25 elementor-top-column elementor-element elementor-element-5e14a48\" data-id=\"5e14a48\" data-element_type=\"column\" data-e-type=\"column\">\n\t\t\t<div class=\"elementor-widget-wrap elementor-element-populated\">\n\t\t\t\t\t\t<div class=\"elementor-element elementor-element-d2753ab divider_yes aleft elementor-widget elementor-widget-wgl-services-8\" data-id=\"d2753ab\" data-element_type=\"widget\" data-e-type=\"widget\" data-widget_type=\"wgl-services-8.default\">\n\t\t\t\t<div class=\"elementor-widget-container\">\n\t\t\t\t\t        <div class=\"wgl-services-8\">\r\n            <div class=\"wgl-services_media\">\r\n            <\/div>\r\n            <div class=\"wgl-services_wrap\">\r\n                <div class=\"wgl-services_content-wrap\">\r\n                    <div class=\"wgl-services_bg_text\">01<\/div><div class=\"wgl-services_content\"><p style=\"text-align: center\">Improved performance of heat exchangers<\/p><\/div>\r\n                <\/div>\r\n            <\/div>\r\n        <\/div>\r\n\r\n        \t\t\t\t<\/div>\n\t\t\t\t<\/div>\n\t\t\t\t<div class=\"elementor-element elementor-element-fbe1432 elementor-widget elementor-widget-spacer\" data-id=\"fbe1432\" data-element_type=\"widget\" data-e-type=\"widget\" data-widget_type=\"spacer.default\">\n\t\t\t\t\t\t\t<div class=\"elementor-spacer\">\n\t\t\t<div class=\"elementor-spacer-inner\"><\/div>\n\t\t<\/div>\n\t\t\t\t\t\t<\/div>\n\t\t\t\t\t<\/div>\n\t\t<\/div>\n\t\t\t\t<div class=\"elementor-column elementor-col-25 elementor-top-column elementor-element elementor-element-ca97fb0\" data-id=\"ca97fb0\" data-element_type=\"column\" data-e-type=\"column\">\n\t\t\t<div class=\"elementor-widget-wrap elementor-element-populated\">\n\t\t\t\t\t\t<div class=\"elementor-element elementor-element-5a3f9cf divider_yes aleft elementor-widget elementor-widget-wgl-services-8\" data-id=\"5a3f9cf\" data-element_type=\"widget\" data-e-type=\"widget\" data-widget_type=\"wgl-services-8.default\">\n\t\t\t\t<div class=\"elementor-widget-container\">\n\t\t\t\t\t        <div class=\"wgl-services-8\">\r\n            <div class=\"wgl-services_media\">\r\n            <\/div>\r\n            <div class=\"wgl-services_wrap\">\r\n                <div class=\"wgl-services_content-wrap\">\r\n                    <div class=\"wgl-services_bg_text\">02<\/div><div class=\"wgl-services_content\"><p style=\"text-align: center\">Aerodynamic optimisation of ventilation systems<\/p><\/div>\r\n                <\/div>\r\n            <\/div>\r\n        <\/div>\r\n\r\n        \t\t\t\t<\/div>\n\t\t\t\t<\/div>\n\t\t\t\t<div class=\"elementor-element elementor-element-0b52678 elementor-widget elementor-widget-spacer\" data-id=\"0b52678\" data-element_type=\"widget\" data-e-type=\"widget\" data-widget_type=\"spacer.default\">\n\t\t\t\t\t\t\t<div class=\"elementor-spacer\">\n\t\t\t<div class=\"elementor-spacer-inner\"><\/div>\n\t\t<\/div>\n\t\t\t\t\t\t<\/div>\n\t\t\t\t\t<\/div>\n\t\t<\/div>\n\t\t\t\t<div class=\"elementor-column elementor-col-25 elementor-top-column elementor-element elementor-element-337a0e1\" data-id=\"337a0e1\" data-element_type=\"column\" data-e-type=\"column\">\n\t\t\t<div class=\"elementor-widget-wrap elementor-element-populated\">\n\t\t\t\t\t\t<div class=\"elementor-element elementor-element-e990862 divider_yes aleft elementor-widget elementor-widget-wgl-services-8\" data-id=\"e990862\" data-element_type=\"widget\" data-e-type=\"widget\" data-widget_type=\"wgl-services-8.default\">\n\t\t\t\t<div class=\"elementor-widget-container\">\n\t\t\t\t\t        <div class=\"wgl-services-8\">\r\n            <div class=\"wgl-services_media\">\r\n            <\/div>\r\n            <div class=\"wgl-services_wrap\">\r\n                <div class=\"wgl-services_content-wrap\">\r\n                    <div class=\"wgl-services_bg_text\">03<\/div><div class=\"wgl-services_content\"><p style=\"text-align: center\">Automation of hydraulic systems<\/p><\/div>\r\n                <\/div>\r\n            <\/div>\r\n        <\/div>\r\n\r\n        \t\t\t\t<\/div>\n\t\t\t\t<\/div>\n\t\t\t\t<div class=\"elementor-element elementor-element-65c26d5 elementor-widget elementor-widget-spacer\" data-id=\"65c26d5\" data-element_type=\"widget\" data-e-type=\"widget\" data-widget_type=\"spacer.default\">\n\t\t\t\t\t\t\t<div class=\"elementor-spacer\">\n\t\t\t<div class=\"elementor-spacer-inner\"><\/div>\n\t\t<\/div>\n\t\t\t\t\t\t<\/div>\n\t\t\t\t\t<\/div>\n\t\t<\/div>\n\t\t\t\t<div class=\"elementor-column elementor-col-25 elementor-top-column elementor-element elementor-element-1f31b7b\" data-id=\"1f31b7b\" data-element_type=\"column\" data-e-type=\"column\">\n\t\t\t<div class=\"elementor-widget-wrap elementor-element-populated\">\n\t\t\t\t\t\t<div class=\"elementor-element elementor-element-523b30a elementor-widget__width-initial divider_yes aleft elementor-widget elementor-widget-wgl-services-8\" data-id=\"523b30a\" data-element_type=\"widget\" data-e-type=\"widget\" data-widget_type=\"wgl-services-8.default\">\n\t\t\t\t<div class=\"elementor-widget-container\">\n\t\t\t\t\t        <div class=\"wgl-services-8\">\r\n            <div class=\"wgl-services_media\">\r\n            <\/div>\r\n            <div class=\"wgl-services_wrap\">\r\n                <div class=\"wgl-services_content-wrap\">\r\n                    <div class=\"wgl-services_bg_text\">04<\/div><div class=\"wgl-services_content\"><p style=\"text-align: center\">Reduction of pressure drops in lubrication systems<\/p><\/div>\r\n                <\/div>\r\n            <\/div>\r\n        <\/div>\r\n\r\n        \t\t\t\t<\/div>\n\t\t\t\t<\/div>\n\t\t\t\t<div class=\"elementor-element elementor-element-132f462 elementor-widget elementor-widget-spacer\" data-id=\"132f462\" data-element_type=\"widget\" data-e-type=\"widget\" data-widget_type=\"spacer.default\">\n\t\t\t\t\t\t\t<div class=\"elementor-spacer\">\n\t\t\t<div class=\"elementor-spacer-inner\"><\/div>\n\t\t<\/div>\n\t\t\t\t\t\t<\/div>\n\t\t\t\t\t<\/div>\n\t\t<\/div>\n\t\t\t\t\t<\/div>\n\t\t<\/section>\n\t\t\t\t<section class=\"elementor-section elementor-top-section elementor-element elementor-element-ba88ff5 elementor-section-boxed elementor-section-height-default elementor-section-height-default\" data-id=\"ba88ff5\" data-element_type=\"section\" data-e-type=\"section\" data-settings=\"{&quot;background_background&quot;:&quot;classic&quot;}\">\n\t\t\t\t\t\t<div class=\"elementor-container elementor-column-gap-default\">\n\t\t\t\t\t<div class=\"elementor-column elementor-col-100 elementor-top-column elementor-element elementor-element-6c14513\" data-id=\"6c14513\" data-element_type=\"column\" data-e-type=\"column\">\n\t\t\t<div class=\"elementor-widget-wrap elementor-element-populated\">\n\t\t\t\t\t\t<section class=\"elementor-section elementor-inner-section elementor-element elementor-element-5f7e0d4 elementor-section-boxed elementor-section-height-default elementor-section-height-default\" data-id=\"5f7e0d4\" data-element_type=\"section\" data-e-type=\"section\" data-settings=\"{&quot;background_background&quot;:&quot;classic&quot;}\">\n\t\t\t\t\t\t<div class=\"elementor-container elementor-column-gap-default\">\n\t\t\t\t\t<div class=\"elementor-column elementor-col-50 elementor-inner-column elementor-element elementor-element-8f31929\" data-id=\"8f31929\" data-element_type=\"column\" data-e-type=\"column\">\n\t\t\t<div class=\"elementor-widget-wrap elementor-element-populated\">\n\t\t\t\t\t\t<div class=\"elementor-element elementor-element-d82d845 elementor-widget elementor-widget-heading\" data-id=\"d82d845\" data-element_type=\"widget\" data-e-type=\"widget\" data-widget_type=\"heading.default\">\n\t\t\t\t\t<div class=\"translation-block\"><h2 class=\"elementor-heading-title elementor-size-default\"> Want more information?<\/h2><\/div>\t\t\t\t<\/div>\n\t\t\t\t<div class=\"elementor-element elementor-element-80b2047 elementor-widget elementor-widget-text-editor\" data-id=\"80b2047\" data-element_type=\"widget\" data-e-type=\"widget\" data-widget_type=\"text-editor.default\">\n\t\t\t\t\t<div class=\"translation-block\">\t\t\t\t<p><span>Fluitecnik is one of the world's leading providers of hydraulic and cooling solutions and components<\/span><\/p> <p><span><\/p> <p><span>Fluitecnik is one of the world's leading providers of hydraulic and cooling solutions and components.\t\t\t\t<\/div>\t\t\t\t<\/div>\n\t\t\t\t\t<\/div>\n\t\t<\/div>\n\t\t\t\t<div class=\"elementor-column elementor-col-50 elementor-inner-column elementor-element elementor-element-7f790f3\" data-id=\"7f790f3\" data-element_type=\"column\" data-e-type=\"column\">\n\t\t\t<div class=\"elementor-widget-wrap elementor-element-populated\">\n\t\t\t\t\t\t<div class=\"elementor-element elementor-element-bb0e261 elementor-align-right elementor-widget elementor-widget-button\" data-id=\"bb0e261\" data-element_type=\"widget\" data-e-type=\"widget\" data-widget_type=\"button.default\">\n\t\t\t\t\t\t\t\t\t\t<a class=\"elementor-button elementor-button-link elementor-size-sm\" href=\"\/en\/contact\/\">\n\t\t\t\t\t\t<span class=\"elementor-button-content-wrapper\">\n\t\t\t\t\t\t\t\t\t<span class=\"elementor-button-text\">Contact<\/span>\n\t\t\t\t\t<\/span>\n\t\t\t\t\t<\/a>\n\t\t\t\t\t\t\t\t<\/div>\n\t\t\t\t\t<\/div>\n\t\t<\/div>\n\t\t\t\t\t<\/div>\n\t\t<\/section>\n\t\t\t\t<div class=\"elementor-element elementor-element-935eeeb divider_yes elementor-widget elementor-widget-wgl-double-headings\" data-id=\"935eeeb\" data-element_type=\"widget\" data-e-type=\"widget\" data-widget_type=\"wgl-double-headings.default\">\n\t\t\t\t<div class=\"elementor-widget-container\">\n\t\t\t\t\t<div class=\"wgl-double_heading aleft\">\t\t\t\t<h3 class=\"dbl-title_wrapper\">\t\t\t\t<\/h3><span class=\"dbl-title dbl-bg_text\">365D<\/span> \t\t<\/div>\t\t\t\t<\/div>\n\t\t\t\t<\/div>\n\t\t\t\t\t<\/div>\n\t\t<\/div>\n\t\t\t\t\t<\/div>\n\t\t<\/section>\n\t\t\t\t<section class=\"elementor-section elementor-top-section elementor-element elementor-element-73f8fba9 elementor-section-boxed elementor-section-height-default elementor-section-height-default\" data-id=\"73f8fba9\" data-element_type=\"section\" data-e-type=\"section\" data-settings=\"{&quot;background_background&quot;:&quot;classic&quot;}\">\n\t\t\t\t\t\t<div class=\"elementor-container elementor-column-gap-default\">\n\t\t\t\t\t<div class=\"elementor-column elementor-col-100 elementor-top-column elementor-element elementor-element-7bd44098\" data-id=\"7bd44098\" data-element_type=\"column\" data-e-type=\"column\">\n\t\t\t<div class=\"elementor-widget-wrap elementor-element-populated\">\n\t\t\t\t\t\t<div class=\"elementor-element elementor-element-285bcf35 elementor-widget elementor-widget-spacer\" data-id=\"285bcf35\" data-element_type=\"widget\" data-e-type=\"widget\" data-widget_type=\"spacer.default\">\n\t\t\t\t\t\t\t<div class=\"elementor-spacer\">\n\t\t\t<div class=\"elementor-spacer-inner\"><\/div>\n\t\t<\/div>\n\t\t\t\t\t\t<\/div>\n\t\t\t\t\t<\/div>\n\t\t<\/div>\n\t\t\t\t\t<\/div>\n\t\t<\/section>\n\t\t\t\t<\/div>","protected":false},"excerpt":{"rendered":"<p>Dise\u00f1o e ingenier\u00eda que inspiran el futuro I+D En Fluitecnik, la ingenier\u00eda es la base de nuestro I+D. Aplicamos metodolog\u00edas de dise\u00f1o avanzado, simulaci\u00f3n y an\u00e1lisis de datos para desarrollar sistemas de refrigeraci\u00f3n e hidr\u00e1ulica de alta eficiencia y robustez operativa, orientados a aplicaciones industriales y de energ\u00edas renovables. Ensayo y validaci\u00f3n Nuestro banco de [&hellip;]<\/p>\n","protected":false},"author":1,"featured_media":6885,"parent":784,"menu_order":0,"comment_status":"closed","ping_status":"closed","template":"","meta":{"footnotes":""},"class_list":["post-3123","page","type-page","status-publish","has-post-thumbnail","hentry"],"_links":{"self":[{"href":"https:\/\/www.fluitecnik.com\/en\/wp-json\/wp\/v2\/pages\/3123","targetHints":{"allow":["GET"]}}],"collection":[{"href":"https:\/\/www.fluitecnik.com\/en\/wp-json\/wp\/v2\/pages"}],"about":[{"href":"https:\/\/www.fluitecnik.com\/en\/wp-json\/wp\/v2\/types\/page"}],"author":[{"embeddable":true,"href":"https:\/\/www.fluitecnik.com\/en\/wp-json\/wp\/v2\/users\/1"}],"replies":[{"embeddable":true,"href":"https:\/\/www.fluitecnik.com\/en\/wp-json\/wp\/v2\/comments?post=3123"}],"version-history":[{"count":0,"href":"https:\/\/www.fluitecnik.com\/en\/wp-json\/wp\/v2\/pages\/3123\/revisions"}],"up":[{"embeddable":true,"href":"https:\/\/www.fluitecnik.com\/en\/wp-json\/wp\/v2\/pages\/784"}],"wp:featuredmedia":[{"embeddable":true,"href":"https:\/\/www.fluitecnik.com\/en\/wp-json\/wp\/v2\/media\/6885"}],"wp:attachment":[{"href":"https:\/\/www.fluitecnik.com\/en\/wp-json\/wp\/v2\/media?parent=3123"}],"curies":[{"name":"wp","href":"https:\/\/api.w.org\/{rel}","templated":true}]}}